{"id":37874,"date":"2025-04-22T11:15:45","date_gmt":"2025-04-22T11:15:45","guid":{"rendered":"https:\/\/amazeazores.com\/?post_type=product&#038;p=37874"},"modified":"2025-06-21T13:45:10","modified_gmt":"2025-06-21T13:45:10","slug":"pulseira-de-pe-de-basalto-com-pendente-dourado","status":"publish","type":"product","link":"https:\/\/amazeazores.com\/en\/shop\/pulseira-de-pe-de-basalto-com-pendente-dourado\/","title":{"rendered":"Basalt foot bracelet with gold pendant"},"content":{"rendered":"<p>Foot bracelet, made with Basalt stone and gold pendant in the shape of a clover. With steel wire, gold metal clasp and extendable chain.<\/p>\n<p>The <strong>Basalt<\/strong> is a dark volcanic rock, associated with <strong data-start=\"56\" data-end=\"93\">strength, stability and relaxation<\/strong>. Used in therapies, it helps relieve stress and balance energies.<\/p>\n<p><span style=\"font-weight: 400;\">AMAZE jewelry is handmade, so there may be slight differences between pieces of the same type. We also remind you that natural materials are unique, and therefore may not be completely similar to each other.<\/span><\/p>","protected":false},"excerpt":{"rendered":"<p>Pulseira de p\u00e9, feita com pedra Basalto e pendente dourado em forma de trevo. Com fio de a\u00e7o, fecho de metal dourado e corrente extens\u00edvel. O Basalto \u00e9 uma rocha vulc\u00e2nica escura, associada \u00e0 for\u00e7a, estabilidade e relaxamento. Usado em terapias, ajuda a aliviar o stress e equilibrar as energias. A bijuteria AMAZE \u00e9 feita \u00e0 m\u00e3o, logo poder\u00e1 ter diferen\u00e7as m\u00ednimas entre as pe\u00e7as do mesmo tipo. Recordamos ainda que os materiais naturais s\u00e3o \u00fanicos, e por isso podem n\u00e3o se assemelhar totalmente entre si.<\/p>","protected":false},"featured_media":37877,"template":"","meta":{"_monsterinsights_skip_tracking":false,"_monsterinsights_sitenote_active":false,"_monsterinsights_sitenote_note":"","_monsterinsights_sitenote_category":0},"product_brand":[],"product_cat":[185,191],"product_tag":[334,226,358,378,391],"woo-feed-brand":[],"class_list":{"0":"post-37874","1":"product","2":"type-product","3":"status-publish","4":"has-post-thumbnail","6":"product_cat-bijuteria","7":"product_cat-pulseiras","8":"product_tag-basalto","9":"product_tag-handmade","10":"product_tag-pendente","11":"product_tag-pulseira","12":"product_tag-trevo","15":"first","16":"instock","17":"taxable","18":"shipping-taxable","19":"purchasable","20":"product-type-simple"},"aioseo_notices":[],"_links":{"self":[{"href":"https:\/\/amazeazores.com\/en\/wp-json\/wp\/v2\/product\/37874","targetHints":{"allow":["GET"]}}],"collection":[{"href":"https:\/\/amazeazores.com\/en\/wp-json\/wp\/v2\/product"}],"about":[{"href":"https:\/\/amazeazores.com\/en\/wp-json\/wp\/v2\/types\/product"}],"version-history":[{"count":0,"href":"https:\/\/amazeazores.com\/en\/wp-json\/wp\/v2\/product\/37874\/revisions"}],"wp:featuredmedia":[{"embeddable":true,"href":"https:\/\/amazeazores.com\/en\/wp-json\/wp\/v2\/media\/37877"}],"wp:attachment":[{"href":"https:\/\/amazeazores.com\/en\/wp-json\/wp\/v2\/media?parent=37874"}],"wp:term":[{"taxonomy":"product_brand","embeddable":true,"href":"https:\/\/amazeazores.com\/en\/wp-json\/wp\/v2\/product_brand?post=37874"},{"taxonomy":"product_cat","embeddable":true,"href":"https:\/\/amazeazores.com\/en\/wp-json\/wp\/v2\/product_cat?post=37874"},{"taxonomy":"product_tag","embeddable":true,"href":"https:\/\/amazeazores.com\/en\/wp-json\/wp\/v2\/product_tag?post=37874"},{"taxonomy":"woo-feed-brand","embeddable":true,"href":"https:\/\/amazeazores.com\/en\/wp-json\/wp\/v2\/woo-feed-brand?post=37874"}],"curies":[{"name":"wp","href":"https:\/\/api.w.org\/{rel}","templated":true}]}}