{"id":37868,"date":"2025-04-22T10:56:00","date_gmt":"2025-04-22T10:56:00","guid":{"rendered":"https:\/\/amazeazores.com\/?post_type=product&#038;p=37868"},"modified":"2025-11-29T01:26:29","modified_gmt":"2025-11-29T01:26:29","slug":"pulseira-de-amazonita-com-pendente","status":"publish","type":"product","link":"https:\/\/amazeazores.com\/en\/shop\/pulseira-de-amazonita-com-pendente\/","title":{"rendered":"Amazonite Bracelet with Whale Tail Pendant"},"content":{"rendered":"<p>Amazonite stone bracelet, with stretch cord.<\/p>\n<p>The <strong>Amazonite<\/strong> It is a stone of tranquility, balance and truth. It helps to bring peace of mind, relieve stress and promote clear and honest communication. It is mainly associated with the zodiac sign of Virgo.<\/p>\n<p><span style=\"font-weight: 400;\">AMAZE jewelry is handmade, so there may be slight differences between pieces of the same type. We also remind you that natural materials are unique, and therefore may not be completely similar to each other.<\/span><\/p>","protected":false},"excerpt":{"rendered":"<p>Pulseira de pedra Amazonita, com fio el\u00e1stico. A Amazonita \u00e9 uma pedra de tranquilidade, equil\u00edbrio e verdade. Ajuda a acalmar a mente, aliviar o stress e promover a comunica\u00e7\u00e3o clara e honesta. Est\u00e1 associada principalmente ao signo de Virgem. A bijuteria AMAZE \u00e9 feita \u00e0 m\u00e3o, logo poder\u00e1 ter diferen\u00e7as m\u00ednimas entre as pe\u00e7as do mesmo tipo. Recordamos ainda que os materiais naturais s\u00e3o \u00fanicos, e por isso podem n\u00e3o se assemelhar totalmente entre si.<\/p>","protected":false},"featured_media":37869,"template":"","meta":{"_monsterinsights_skip_tracking":false,"_monsterinsights_sitenote_active":false,"_monsterinsights_sitenote_note":"","_monsterinsights_sitenote_category":0},"product_brand":[],"product_cat":[185,191],"product_tag":[389,347,226,358,378],"woo-feed-brand":[],"class_list":{"0":"post-37868","1":"product","2":"type-product","3":"status-publish","4":"has-post-thumbnail","6":"product_cat-bijuteria","7":"product_cat-pulseiras","8":"product_tag-amazonita","9":"product_tag-baleia","10":"product_tag-handmade","11":"product_tag-pendente","12":"product_tag-pulseira","15":"first","16":"instock","17":"taxable","18":"shipping-taxable","19":"purchasable","20":"product-type-simple"},"aioseo_notices":[],"_links":{"self":[{"href":"https:\/\/amazeazores.com\/en\/wp-json\/wp\/v2\/product\/37868","targetHints":{"allow":["GET"]}}],"collection":[{"href":"https:\/\/amazeazores.com\/en\/wp-json\/wp\/v2\/product"}],"about":[{"href":"https:\/\/amazeazores.com\/en\/wp-json\/wp\/v2\/types\/product"}],"version-history":[{"count":1,"href":"https:\/\/amazeazores.com\/en\/wp-json\/wp\/v2\/product\/37868\/revisions"}],"predecessor-version":[{"id":38138,"href":"https:\/\/amazeazores.com\/en\/wp-json\/wp\/v2\/product\/37868\/revisions\/38138"}],"wp:featuredmedia":[{"embeddable":true,"href":"https:\/\/amazeazores.com\/en\/wp-json\/wp\/v2\/media\/37869"}],"wp:attachment":[{"href":"https:\/\/amazeazores.com\/en\/wp-json\/wp\/v2\/media?parent=37868"}],"wp:term":[{"taxonomy":"product_brand","embeddable":true,"href":"https:\/\/amazeazores.com\/en\/wp-json\/wp\/v2\/product_brand?post=37868"},{"taxonomy":"product_cat","embeddable":true,"href":"https:\/\/amazeazores.com\/en\/wp-json\/wp\/v2\/product_cat?post=37868"},{"taxonomy":"product_tag","embeddable":true,"href":"https:\/\/amazeazores.com\/en\/wp-json\/wp\/v2\/product_tag?post=37868"},{"taxonomy":"woo-feed-brand","embeddable":true,"href":"https:\/\/amazeazores.com\/en\/wp-json\/wp\/v2\/woo-feed-brand?post=37868"}],"curies":[{"name":"wp","href":"https:\/\/api.w.org\/{rel}","templated":true}]}}