{"id":37829,"date":"2025-04-17T16:11:13","date_gmt":"2025-04-17T16:11:13","guid":{"rendered":"https:\/\/amazeazores.com\/?post_type=product&#038;p=37829"},"modified":"2025-11-29T01:28:49","modified_gmt":"2025-11-29T01:28:49","slug":"pulseira-de-basalto-perola-e-pedra-do-sol","status":"publish","type":"product","link":"https:\/\/amazeazores.com\/en\/shop\/pulseira-de-basalto-perola-e-pedra-do-sol\/","title":{"rendered":"Basalt, Pearl and Sunstone Bracelet"},"content":{"rendered":"<p>Basalt, Pearl and Sunstone Bracelet, with stretch cord.<\/p>\n<p>The <strong>Basalt<\/strong> is a dark volcanic rock, associated with <strong data-start=\"56\" data-end=\"93\">strength, stability and relaxation<\/strong>. Used in therapies, it helps relieve stress and balance energies.<\/p>\n<p>The <strong>Pearl<\/strong> It is a stone associated with purity, wisdom and emotional balance. It promotes serenity, self-esteem and strengthens emotional bonds. It is mainly associated with the zodiac sign of Cancer.<\/p>\n<p>The <strong data-start=\"2\" data-end=\"18\">Sunstone<\/strong> It is a stone of joy, vitality and positive energy. It stimulates self-confidence, enthusiasm and attracts prosperity. It is mainly associated with the zodiac sign of Leo.<\/p>\n<p><span style=\"font-weight: 400;\">AMAZE jewelry is handmade, so there may be slight differences between pieces of the same type. We also remind you that natural materials are unique, and therefore may not be completely similar to each other.<\/span><\/p>","protected":false},"excerpt":{"rendered":"<p>Pulseira de Basalto, P\u00e9rola e Pedra do Sol, com fio el\u00e1stico. O Basalto \u00e9 uma rocha vulc\u00e2nica escura, associada \u00e0 for\u00e7a, estabilidade e relaxamento. Usado em terapias, ajuda a aliviar o stress e equilibrar as energias. A P\u00e9rola \u00e9 uma pedra associada \u00e0 pureza, sabedoria e equil\u00edbrio emocional. Promove a serenidade, a autoestima e fortalece os la\u00e7os afetivos. Est\u00e1 ligada principalmente ao signo de Caranguejo. A pedra do Sol \u00e9 uma pedra de alegria, vitalidade e energia positiva. Estimula a autoconfian\u00e7a, o entusiasmo e atrai prosperidade. Est\u00e1 associada principalmente ao signo de Le\u00e3o. A bijuteria AMAZE \u00e9 feita \u00e0 m\u00e3o, logo poder\u00e1 ter diferen\u00e7as m\u00ednimas entre as pe\u00e7as do mesmo tipo. Recordamos ainda que os materiais naturais s\u00e3o \u00fanicos, e por isso podem n\u00e3o se assemelhar totalmente entre si.<\/p>","protected":false},"featured_media":37833,"template":"","meta":{"_monsterinsights_skip_tracking":false,"_monsterinsights_sitenote_active":false,"_monsterinsights_sitenote_note":"","_monsterinsights_sitenote_category":0},"product_brand":[],"product_cat":[185,191],"product_tag":[334,226,367,352,378],"woo-feed-brand":[],"class_list":{"0":"post-37829","1":"product","2":"type-product","3":"status-publish","4":"has-post-thumbnail","6":"product_cat-bijuteria","7":"product_cat-pulseiras","8":"product_tag-basalto","9":"product_tag-handmade","10":"product_tag-pedra-do-sol","11":"product_tag-perola","12":"product_tag-pulseira","15":"first","16":"instock","17":"taxable","18":"shipping-taxable","19":"purchasable","20":"product-type-simple"},"aioseo_notices":[],"_links":{"self":[{"href":"https:\/\/amazeazores.com\/en\/wp-json\/wp\/v2\/product\/37829","targetHints":{"allow":["GET"]}}],"collection":[{"href":"https:\/\/amazeazores.com\/en\/wp-json\/wp\/v2\/product"}],"about":[{"href":"https:\/\/amazeazores.com\/en\/wp-json\/wp\/v2\/types\/product"}],"version-history":[{"count":1,"href":"https:\/\/amazeazores.com\/en\/wp-json\/wp\/v2\/product\/37829\/revisions"}],"predecessor-version":[{"id":38141,"href":"https:\/\/amazeazores.com\/en\/wp-json\/wp\/v2\/product\/37829\/revisions\/38141"}],"wp:featuredmedia":[{"embeddable":true,"href":"https:\/\/amazeazores.com\/en\/wp-json\/wp\/v2\/media\/37833"}],"wp:attachment":[{"href":"https:\/\/amazeazores.com\/en\/wp-json\/wp\/v2\/media?parent=37829"}],"wp:term":[{"taxonomy":"product_brand","embeddable":true,"href":"https:\/\/amazeazores.com\/en\/wp-json\/wp\/v2\/product_brand?post=37829"},{"taxonomy":"product_cat","embeddable":true,"href":"https:\/\/amazeazores.com\/en\/wp-json\/wp\/v2\/product_cat?post=37829"},{"taxonomy":"product_tag","embeddable":true,"href":"https:\/\/amazeazores.com\/en\/wp-json\/wp\/v2\/product_tag?post=37829"},{"taxonomy":"woo-feed-brand","embeddable":true,"href":"https:\/\/amazeazores.com\/en\/wp-json\/wp\/v2\/woo-feed-brand?post=37829"}],"curies":[{"name":"wp","href":"https:\/\/api.w.org\/{rel}","templated":true}]}}