{"id":37816,"date":"2025-04-17T14:35:03","date_gmt":"2025-04-17T14:35:03","guid":{"rendered":"https:\/\/amazeazores.com\/?post_type=product&#038;p=37816"},"modified":"2025-06-21T13:45:10","modified_gmt":"2025-06-21T13:45:10","slug":"pulseira-de-basalto-e-malaquita","status":"publish","type":"product","link":"https:\/\/amazeazores.com\/en\/shop\/pulseira-de-basalto-e-malaquita\/","title":{"rendered":"Basalt and Malachite Bracelet"},"content":{"rendered":"<p>Basalt and Malachite bracelet, with stretch cord.<\/p>\n<p>The <strong>Basalt<\/strong> is a dark volcanic rock, associated with <strong data-start=\"56\" data-end=\"93\">strength, stability and relaxation<\/strong>. Used in therapies, it helps relieve stress and balance energies.<\/p>\n<p><span style=\"font-weight: 400;\">The <strong>Malachite<\/strong> It is a stone of transformation, emotional healing and energetic protection. It helps to release negative emotions, attract positive changes and protect against toxic energies. It is mainly associated with the zodiac sign of Scorpio.<\/span><\/p>\n<p><span style=\"font-weight: 400;\">AMAZE jewelry is handmade, so there may be slight differences between pieces of the same type. We also remind you that natural materials are unique, and therefore may not be completely similar to each other.<\/span><\/p>","protected":false},"excerpt":{"rendered":"<p>Pulseira de Basalto e Malaquita, com fio el\u00e1stico. O Basalto \u00e9 uma rocha vulc\u00e2nica escura, associada \u00e0 for\u00e7a, estabilidade e relaxamento. Usado em terapias, ajuda a aliviar o stress e equilibrar as energias. A Malaquita \u00e9 uma pedra de transforma\u00e7\u00e3o, cura emocional e prote\u00e7\u00e3o energ\u00e9tica. Ajuda a libertar emo\u00e7\u00f5es negativas, atrair mudan\u00e7as positivas e proteger contra energias t\u00f3xicas. Est\u00e1 associada principalmente ao signo de Escorpi\u00e3o. A bijuteria AMAZE \u00e9 feita \u00e0 m\u00e3o, logo poder\u00e1 ter diferen\u00e7as m\u00ednimas entre as pe\u00e7as do mesmo tipo. Recordamos ainda que os materiais naturais s\u00e3o \u00fanicos, e por isso podem n\u00e3o se assemelhar totalmente entre si.<\/p>","protected":false},"featured_media":37818,"template":"","meta":{"_monsterinsights_skip_tracking":false,"_monsterinsights_sitenote_active":false,"_monsterinsights_sitenote_note":"","_monsterinsights_sitenote_category":0},"product_brand":[],"product_cat":[185,191],"product_tag":[334,226,387,378],"woo-feed-brand":[],"class_list":{"0":"post-37816","1":"product","2":"type-product","3":"status-publish","4":"has-post-thumbnail","6":"product_cat-bijuteria","7":"product_cat-pulseiras","8":"product_tag-basalto","9":"product_tag-handmade","10":"product_tag-malaquita","11":"product_tag-pulseira","14":"first","15":"instock","16":"taxable","17":"shipping-taxable","18":"purchasable","19":"product-type-simple"},"aioseo_notices":[],"_links":{"self":[{"href":"https:\/\/amazeazores.com\/en\/wp-json\/wp\/v2\/product\/37816","targetHints":{"allow":["GET"]}}],"collection":[{"href":"https:\/\/amazeazores.com\/en\/wp-json\/wp\/v2\/product"}],"about":[{"href":"https:\/\/amazeazores.com\/en\/wp-json\/wp\/v2\/types\/product"}],"version-history":[{"count":0,"href":"https:\/\/amazeazores.com\/en\/wp-json\/wp\/v2\/product\/37816\/revisions"}],"wp:featuredmedia":[{"embeddable":true,"href":"https:\/\/amazeazores.com\/en\/wp-json\/wp\/v2\/media\/37818"}],"wp:attachment":[{"href":"https:\/\/amazeazores.com\/en\/wp-json\/wp\/v2\/media?parent=37816"}],"wp:term":[{"taxonomy":"product_brand","embeddable":true,"href":"https:\/\/amazeazores.com\/en\/wp-json\/wp\/v2\/product_brand?post=37816"},{"taxonomy":"product_cat","embeddable":true,"href":"https:\/\/amazeazores.com\/en\/wp-json\/wp\/v2\/product_cat?post=37816"},{"taxonomy":"product_tag","embeddable":true,"href":"https:\/\/amazeazores.com\/en\/wp-json\/wp\/v2\/product_tag?post=37816"},{"taxonomy":"woo-feed-brand","embeddable":true,"href":"https:\/\/amazeazores.com\/en\/wp-json\/wp\/v2\/woo-feed-brand?post=37816"}],"curies":[{"name":"wp","href":"https:\/\/api.w.org\/{rel}","templated":true}]}}