{"id":37758,"date":"2025-04-16T15:20:23","date_gmt":"2025-04-16T15:20:23","guid":{"rendered":"https:\/\/amazeazores.com\/?post_type=product&#038;p=37758"},"modified":"2025-04-17T10:40:53","modified_gmt":"2025-04-17T10:40:53","slug":"pulseira-de-basalto-e-pedra-da-lua","status":"publish","type":"product","link":"https:\/\/amazeazores.com\/en\/shop\/pulseira-de-basalto-e-pedra-da-lua\/","title":{"rendered":"Basalt and Moonstone Bracelet"},"content":{"rendered":"<p>Basalt and moonstone bracelet, with stretch cord.<\/p>\n<p>The <strong>Basalt<\/strong> is a dark volcanic rock, associated with <strong data-start=\"56\" data-end=\"93\">strength, stability and relaxation<\/strong>. Used in therapies, it helps relieve stress and balance energies.<\/p>\n<p>The <strong data-start=\"2\" data-end=\"18\">Moonstone<\/strong> It is associated with intuition, sensitivity and emotional balance. It is a stone linked to the feminine, the energy of the moon and natural cycles, promoting inner peace and spiritual connection. It is mainly associated with the zodiac sign of <strong data-start=\"249\" data-end=\"263\">Cancer.<\/strong><\/p>\n<p><span style=\"font-weight: 400;\">AMAZE jewelry is handmade, so there may be slight differences between pieces of the same type. We also remind you that natural materials are unique, and therefore may not be completely similar to each other.<\/span><\/p>","protected":false},"excerpt":{"rendered":"<p>Pulseira de Basalto e pedra da Lua, com fio el\u00e1stico. O Basalto \u00e9 uma rocha vulc\u00e2nica escura, associada \u00e0 for\u00e7a, estabilidade e relaxamento. Usado em terapias, ajuda a aliviar o stress e equilibrar as energias. A pedra da lua est\u00e1 associada \u00e0 intui\u00e7\u00e3o, \u00e0 sensibilidade e ao equil\u00edbrio emocional. \u00c9 uma pedra ligada ao feminino, \u00e0 energia da lua e aos ciclos naturais, promovendo paz interior e conex\u00e3o espiritual. Est\u00e1 associada principalmente ao signo de Caranguejo. A bijuteria AMAZE \u00e9 feita \u00e0 m\u00e3o, logo poder\u00e1 ter diferen\u00e7as m\u00ednimas entre as pe\u00e7as do mesmo tipo. Recordamos ainda que os materiais naturais s\u00e3o \u00fanicos, e por isso podem n\u00e3o se assemelhar totalmente entre si.<\/p>","protected":false},"featured_media":37761,"template":"","meta":{"_monsterinsights_skip_tracking":false,"_monsterinsights_sitenote_active":false,"_monsterinsights_sitenote_note":"","_monsterinsights_sitenote_category":0},"product_brand":[],"product_cat":[185,191],"product_tag":[334,226,377,378],"woo-feed-brand":[],"class_list":{"0":"post-37758","1":"product","2":"type-product","3":"status-publish","4":"has-post-thumbnail","6":"product_cat-bijuteria","7":"product_cat-pulseiras","8":"product_tag-basalto","9":"product_tag-handmade","10":"product_tag-pedra-da-lua","11":"product_tag-pulseira","14":"first","15":"instock","16":"taxable","17":"shipping-taxable","18":"purchasable","19":"product-type-simple"},"aioseo_notices":[],"_links":{"self":[{"href":"https:\/\/amazeazores.com\/en\/wp-json\/wp\/v2\/product\/37758","targetHints":{"allow":["GET"]}}],"collection":[{"href":"https:\/\/amazeazores.com\/en\/wp-json\/wp\/v2\/product"}],"about":[{"href":"https:\/\/amazeazores.com\/en\/wp-json\/wp\/v2\/types\/product"}],"version-history":[{"count":0,"href":"https:\/\/amazeazores.com\/en\/wp-json\/wp\/v2\/product\/37758\/revisions"}],"wp:featuredmedia":[{"embeddable":true,"href":"https:\/\/amazeazores.com\/en\/wp-json\/wp\/v2\/media\/37761"}],"wp:attachment":[{"href":"https:\/\/amazeazores.com\/en\/wp-json\/wp\/v2\/media?parent=37758"}],"wp:term":[{"taxonomy":"product_brand","embeddable":true,"href":"https:\/\/amazeazores.com\/en\/wp-json\/wp\/v2\/product_brand?post=37758"},{"taxonomy":"product_cat","embeddable":true,"href":"https:\/\/amazeazores.com\/en\/wp-json\/wp\/v2\/product_cat?post=37758"},{"taxonomy":"product_tag","embeddable":true,"href":"https:\/\/amazeazores.com\/en\/wp-json\/wp\/v2\/product_tag?post=37758"},{"taxonomy":"woo-feed-brand","embeddable":true,"href":"https:\/\/amazeazores.com\/en\/wp-json\/wp\/v2\/woo-feed-brand?post=37758"}],"curies":[{"name":"wp","href":"https:\/\/api.w.org\/{rel}","templated":true}]}}