{"id":37703,"date":"2025-04-15T16:09:16","date_gmt":"2025-04-15T16:09:16","guid":{"rendered":"https:\/\/amazeazores.com\/?post_type=product&#038;p=37703"},"modified":"2025-04-29T12:48:56","modified_gmt":"2025-04-29T12:48:56","slug":"colar-de-pedra-de-basalto-e-lapis-lazulli","status":"publish","type":"product","link":"https:\/\/amazeazores.com\/en\/shop\/colar-de-pedra-de-basalto-e-lapis-lazulli\/","title":{"rendered":"Basalt and Lapis Lazuli stone necklace"},"content":{"rendered":"<p>Necklace made with steel wire, Basalt and Lapis Lazuli stones.<\/p>\n<p>The <strong>Basalt<\/strong> is a dark volcanic rock, associated with <strong data-start=\"56\" data-end=\"93\">strength, stability and relaxation<\/strong>. Used in therapies, it helps relieve stress and balance energies.<\/p>\n<p>The <strong data-start=\"2\" data-end=\"18\">Lapis Lazuli<\/strong> is mainly associated with the zodiac sign of <strong data-start=\"61\" data-end=\"74\">Sagittarius<\/strong>, but also benefits Taurus and Aquarius. This stone is linked to wisdom, communication and intuition, helping with personal expression and emotional balance.<\/p>\n<p><span style=\"font-weight: 400;\">AMAZE jewelry is handmade, so there may be slight differences between pieces of the same type. We also remind you that natural materials are unique, and therefore may not be completely similar to each other.<\/span><\/p>","protected":false},"excerpt":{"rendered":"<p>Colar feito com fio de a\u00e7o e pedras de Basalto e L\u00e1pis Laz\u00falli.. O Basalto \u00e9 uma rocha vulc\u00e2nica escura, associada \u00e0 for\u00e7a, estabilidade e relaxamento. Usado em terapias, ajuda a aliviar o stress e equilibrar as energias. O L\u00e1pis-Laz\u00fali est\u00e1 associado principalmente ao signo de Sagit\u00e1rio, mas tamb\u00e9m beneficia Touro e Aqu\u00e1rio. Esta pedra est\u00e1 ligada \u00e0 sabedoria, comunica\u00e7\u00e3o e intui\u00e7\u00e3o, ajudando na express\u00e3o pessoal e no equil\u00edbrio emocional. A bijuteria AMAZE \u00e9 feita \u00e0 m\u00e3o, logo poder\u00e1 ter diferen\u00e7as m\u00ednimas entre as pe\u00e7as do mesmo tipo. Recordamos ainda que os materiais naturais s\u00e3o \u00fanicos, e por isso podem n\u00e3o se assemelhar totalmente entre si.<\/p>","protected":false},"featured_media":37706,"template":"","meta":{"_monsterinsights_skip_tracking":false,"_monsterinsights_sitenote_active":false,"_monsterinsights_sitenote_note":"","_monsterinsights_sitenote_category":0},"product_brand":[],"product_cat":[185,190],"product_tag":[334,357,354],"woo-feed-brand":[],"class_list":{"0":"post-37703","1":"product","2":"type-product","3":"status-publish","4":"has-post-thumbnail","6":"product_cat-bijuteria","7":"product_cat-colares","8":"product_tag-basalto","9":"product_tag-colar","10":"product_tag-lapis-lazuli","13":"first","14":"instock","15":"taxable","16":"shipping-taxable","17":"purchasable","18":"product-type-simple"},"aioseo_notices":[],"_links":{"self":[{"href":"https:\/\/amazeazores.com\/en\/wp-json\/wp\/v2\/product\/37703","targetHints":{"allow":["GET"]}}],"collection":[{"href":"https:\/\/amazeazores.com\/en\/wp-json\/wp\/v2\/product"}],"about":[{"href":"https:\/\/amazeazores.com\/en\/wp-json\/wp\/v2\/types\/product"}],"version-history":[{"count":0,"href":"https:\/\/amazeazores.com\/en\/wp-json\/wp\/v2\/product\/37703\/revisions"}],"wp:featuredmedia":[{"embeddable":true,"href":"https:\/\/amazeazores.com\/en\/wp-json\/wp\/v2\/media\/37706"}],"wp:attachment":[{"href":"https:\/\/amazeazores.com\/en\/wp-json\/wp\/v2\/media?parent=37703"}],"wp:term":[{"taxonomy":"product_brand","embeddable":true,"href":"https:\/\/amazeazores.com\/en\/wp-json\/wp\/v2\/product_brand?post=37703"},{"taxonomy":"product_cat","embeddable":true,"href":"https:\/\/amazeazores.com\/en\/wp-json\/wp\/v2\/product_cat?post=37703"},{"taxonomy":"product_tag","embeddable":true,"href":"https:\/\/amazeazores.com\/en\/wp-json\/wp\/v2\/product_tag?post=37703"},{"taxonomy":"woo-feed-brand","embeddable":true,"href":"https:\/\/amazeazores.com\/en\/wp-json\/wp\/v2\/woo-feed-brand?post=37703"}],"curies":[{"name":"wp","href":"https:\/\/api.w.org\/{rel}","templated":true}]}}