{"id":37671,"date":"2025-04-15T11:50:39","date_gmt":"2025-04-15T11:50:39","guid":{"rendered":"https:\/\/amazeazores.com\/?post_type=product&#038;p=37671"},"modified":"2025-04-29T12:45:20","modified_gmt":"2025-04-29T12:45:20","slug":"colarde-basalto-e-abalone","status":"publish","type":"product","link":"https:\/\/amazeazores.com\/en\/shop\/colarde-basalto-e-abalone\/","title":{"rendered":"Basalt and Abalone Stone Necklace"},"content":{"rendered":"<p>Necklace made with steel wire, Basalt and Abalone stones.<\/p>\n<p>The <strong>Basalt<\/strong> is a dark volcanic rock, associated with <strong data-start=\"56\" data-end=\"93\">strength, stability and relaxation<\/strong>. Used in therapies, it helps relieve stress and balance energies.<\/p>\n<p>The <strong>Abalone<\/strong> It is strongly linked to the sea and the energy of the waters, symbolizing tranquility and renewal, intuition and emotional protection. It helps to balance emotions, strengthen communication and attract serenity. Mainly linked to the zodiac sign of Pisces.<\/p>\n<p><span style=\"font-weight: 400;\">AMAZE jewelry is handmade, so there may be slight differences between pieces of the same type. We also remind you that natural materials are unique, and therefore may not be completely similar to each other.<\/span><\/p>","protected":false},"excerpt":{"rendered":"<p>Colar feito com fio de a\u00e7o e pedras de Basalto e Abalone. O Basalto \u00e9 uma rocha vulc\u00e2nica escura, associada \u00e0 for\u00e7a, estabilidade e relaxamento. Usado em terapias, ajuda a aliviar o stress e equilibrar as energias. A Abalone est\u00e1 fortemente ligada ao mar e \u00e0 energia das \u00e1guas, simbolizando tranquilidade e renova\u00e7\u00e3o, intui\u00e7\u00e3o e prote\u00e7\u00e3o emocional. Ajuda a equilibrar as emo\u00e7\u00f5es, fortalecer a comunica\u00e7\u00e3o e atrair serenidade. Ligada principalmente ao signo de Peixes. A bijuteria AMAZE \u00e9 feita \u00e0 m\u00e3o, logo poder\u00e1 ter diferen\u00e7as m\u00ednimas entre as pe\u00e7as do mesmo tipo. Recordamos ainda que os materiais naturais s\u00e3o \u00fanicos, e por isso podem n\u00e3o se assemelhar totalmente entre si.<\/p>","protected":false},"featured_media":37673,"template":"","meta":{"_monsterinsights_skip_tracking":false,"_monsterinsights_sitenote_active":false,"_monsterinsights_sitenote_note":"","_monsterinsights_sitenote_category":0},"product_brand":[],"product_cat":[185,190],"product_tag":[351,334,357],"woo-feed-brand":[],"class_list":{"0":"post-37671","1":"product","2":"type-product","3":"status-publish","4":"has-post-thumbnail","6":"product_cat-bijuteria","7":"product_cat-colares","8":"product_tag-abalone","9":"product_tag-basalto","10":"product_tag-colar","13":"first","14":"instock","15":"taxable","16":"shipping-taxable","17":"purchasable","18":"product-type-simple"},"aioseo_notices":[],"_links":{"self":[{"href":"https:\/\/amazeazores.com\/en\/wp-json\/wp\/v2\/product\/37671","targetHints":{"allow":["GET"]}}],"collection":[{"href":"https:\/\/amazeazores.com\/en\/wp-json\/wp\/v2\/product"}],"about":[{"href":"https:\/\/amazeazores.com\/en\/wp-json\/wp\/v2\/types\/product"}],"version-history":[{"count":0,"href":"https:\/\/amazeazores.com\/en\/wp-json\/wp\/v2\/product\/37671\/revisions"}],"wp:featuredmedia":[{"embeddable":true,"href":"https:\/\/amazeazores.com\/en\/wp-json\/wp\/v2\/media\/37673"}],"wp:attachment":[{"href":"https:\/\/amazeazores.com\/en\/wp-json\/wp\/v2\/media?parent=37671"}],"wp:term":[{"taxonomy":"product_brand","embeddable":true,"href":"https:\/\/amazeazores.com\/en\/wp-json\/wp\/v2\/product_brand?post=37671"},{"taxonomy":"product_cat","embeddable":true,"href":"https:\/\/amazeazores.com\/en\/wp-json\/wp\/v2\/product_cat?post=37671"},{"taxonomy":"product_tag","embeddable":true,"href":"https:\/\/amazeazores.com\/en\/wp-json\/wp\/v2\/product_tag?post=37671"},{"taxonomy":"woo-feed-brand","embeddable":true,"href":"https:\/\/amazeazores.com\/en\/wp-json\/wp\/v2\/woo-feed-brand?post=37671"}],"curies":[{"name":"wp","href":"https:\/\/api.w.org\/{rel}","templated":true}]}}