{"id":37494,"date":"2025-04-09T10:42:09","date_gmt":"2025-04-09T10:42:09","guid":{"rendered":"https:\/\/amazeazores.com\/?post_type=product&#038;p=37494"},"modified":"2025-05-28T11:24:42","modified_gmt":"2025-05-28T11:24:42","slug":"sweatshirt-have-a-whale-of-time","status":"publish","type":"product","link":"https:\/\/amazeazores.com\/en\/shop\/sweatshirt-have-a-whale-of-time\/","title":{"rendered":"\u201cHave a whale of time\u201d adult sweatshirt"},"content":{"rendered":"<p>Sweatshirt, 100% cotton, with \u201cHave a Whale of a Time\" design.<\/p>\n<p>Navy blue color with gray hood on the interior. Adjustable drawstring on the hood.<\/p>\n<p>Interior in carded cloth, for excellent comfort, with kangaroo pocket.<\/p>","protected":false},"excerpt":{"rendered":"<p>Sweatshirt com capuz, 100% algod\u00e3o, com desenho de baleia &#8220;Have a Whale of a Time&#8221;. Cor azul navy com\u00a0 interior de capuz cinzento. Cord\u00e3o ajust\u00e1vel no capuz. Interior cardado para um conforto excelente, com bolso \u00e0 canguru.<\/p>","protected":false},"featured_media":37128,"template":"","meta":{"_monsterinsights_skip_tracking":false,"_monsterinsights_sitenote_active":false,"_monsterinsights_sitenote_note":"","_monsterinsights_sitenote_category":0},"product_brand":[],"product_cat":[193],"product_tag":[346,404],"woo-feed-brand":[],"class_list":{"0":"post-37494","1":"product","2":"type-product","3":"status-publish","4":"has-post-thumbnail","6":"product_cat-vestuario","7":"product_tag-sweatshirt","8":"product_tag-whale","9":"pa_color-azul-navy","12":"first","13":"instock","14":"taxable","15":"shipping-taxable","16":"purchasable","17":"product-type-variable","18":"has-default-attributes"},"aioseo_notices":[],"_links":{"self":[{"href":"https:\/\/amazeazores.com\/en\/wp-json\/wp\/v2\/product\/37494","targetHints":{"allow":["GET"]}}],"collection":[{"href":"https:\/\/amazeazores.com\/en\/wp-json\/wp\/v2\/product"}],"about":[{"href":"https:\/\/amazeazores.com\/en\/wp-json\/wp\/v2\/types\/product"}],"version-history":[{"count":0,"href":"https:\/\/amazeazores.com\/en\/wp-json\/wp\/v2\/product\/37494\/revisions"}],"wp:featuredmedia":[{"embeddable":true,"href":"https:\/\/amazeazores.com\/en\/wp-json\/wp\/v2\/media\/37128"}],"wp:attachment":[{"href":"https:\/\/amazeazores.com\/en\/wp-json\/wp\/v2\/media?parent=37494"}],"wp:term":[{"taxonomy":"product_brand","embeddable":true,"href":"https:\/\/amazeazores.com\/en\/wp-json\/wp\/v2\/product_brand?post=37494"},{"taxonomy":"product_cat","embeddable":true,"href":"https:\/\/amazeazores.com\/en\/wp-json\/wp\/v2\/product_cat?post=37494"},{"taxonomy":"product_tag","embeddable":true,"href":"https:\/\/amazeazores.com\/en\/wp-json\/wp\/v2\/product_tag?post=37494"},{"taxonomy":"woo-feed-brand","embeddable":true,"href":"https:\/\/amazeazores.com\/en\/wp-json\/wp\/v2\/woo-feed-brand?post=37494"}],"curies":[{"name":"wp","href":"https:\/\/api.w.org\/{rel}","templated":true}]}}