{"id":37481,"date":"2025-04-09T10:34:49","date_gmt":"2025-04-09T10:34:49","guid":{"rendered":"https:\/\/amazeazores.com\/?post_type=product&#038;p=37481"},"modified":"2025-04-24T15:38:28","modified_gmt":"2025-04-24T15:38:28","slug":"t-shirt-crianca-just-passing-through-azores","status":"publish","type":"product","link":"https:\/\/amazeazores.com\/en\/shop\/t-shirt-crianca-just-passing-through-azores\/","title":{"rendered":"Children's  t-shirt \u201cJust Passing Through Azores\u201d"},"content":{"rendered":"<p>Children's t-shirt,<strong> unisex, <\/strong>turquoise, 100% cotton.<\/p>\n<p>Available in different sizes.<\/p>\n<p><span style=\"font-weight: 400;\">The designs\/illustrations by AMAZE &amp; PO\u00c7A DA DONA BEIJA are created by us and sold exclusively in our stores.<\/span><\/p>","protected":false},"excerpt":{"rendered":"<p>T-shirt crian\u00e7a, unisexo, cor turquesa, 100% algod\u00e3o. Dispon\u00edvel em v\u00e1rios tamanhos. Os designs \/ ilustra\u00e7\u00f5es da AMAZE &amp; PO\u00c7A DA DONA BEIJA s\u00e3o de cria\u00e7\u00e3o e comercializa\u00e7\u00e3o exclusiva.<\/p>","protected":false},"featured_media":36577,"template":"","meta":{"_monsterinsights_skip_tracking":false,"_monsterinsights_sitenote_active":false,"_monsterinsights_sitenote_note":"","_monsterinsights_sitenote_category":0},"product_brand":[],"product_cat":[193],"product_tag":[414,413],"woo-feed-brand":[],"class_list":{"0":"post-37481","1":"product","2":"type-product","3":"status-publish","4":"has-post-thumbnail","6":"product_cat-vestuario","7":"product_tag-baleias","8":"product_tag-tshirt","9":"pa_color-azul-turquesa","12":"first","13":"instock","14":"taxable","15":"shipping-taxable","16":"purchasable","17":"product-type-variable","18":"has-default-attributes"},"aioseo_notices":[],"_links":{"self":[{"href":"https:\/\/amazeazores.com\/en\/wp-json\/wp\/v2\/product\/37481","targetHints":{"allow":["GET"]}}],"collection":[{"href":"https:\/\/amazeazores.com\/en\/wp-json\/wp\/v2\/product"}],"about":[{"href":"https:\/\/amazeazores.com\/en\/wp-json\/wp\/v2\/types\/product"}],"version-history":[{"count":0,"href":"https:\/\/amazeazores.com\/en\/wp-json\/wp\/v2\/product\/37481\/revisions"}],"wp:featuredmedia":[{"embeddable":true,"href":"https:\/\/amazeazores.com\/en\/wp-json\/wp\/v2\/media\/36577"}],"wp:attachment":[{"href":"https:\/\/amazeazores.com\/en\/wp-json\/wp\/v2\/media?parent=37481"}],"wp:term":[{"taxonomy":"product_brand","embeddable":true,"href":"https:\/\/amazeazores.com\/en\/wp-json\/wp\/v2\/product_brand?post=37481"},{"taxonomy":"product_cat","embeddable":true,"href":"https:\/\/amazeazores.com\/en\/wp-json\/wp\/v2\/product_cat?post=37481"},{"taxonomy":"product_tag","embeddable":true,"href":"https:\/\/amazeazores.com\/en\/wp-json\/wp\/v2\/product_tag?post=37481"},{"taxonomy":"woo-feed-brand","embeddable":true,"href":"https:\/\/amazeazores.com\/en\/wp-json\/wp\/v2\/woo-feed-brand?post=37481"}],"curies":[{"name":"wp","href":"https:\/\/api.w.org\/{rel}","templated":true}]}}