{"id":37078,"date":"2025-03-14T15:23:57","date_gmt":"2025-03-14T15:23:57","guid":{"rendered":"https:\/\/amazeazores.com\/?post_type=product&#038;p=37078"},"modified":"2025-11-29T01:24:16","modified_gmt":"2025-11-29T01:24:16","slug":"brincos-de-abalone","status":"publish","type":"product","link":"https:\/\/amazeazores.com\/en\/shop\/brincos-de-abalone\/","title":{"rendered":"Abalone Stone Earrings"},"content":{"rendered":"<p>Earings of stone <strong>Abalone<\/strong> with gold metal earring base.<\/p>\n<p>This stone is strongly linked to the sea and the energy of water, symbolizing tranquility and renewal, intuition and emotional protection. It helps to balance emotions, strengthen communication and attract serenity. Mainly linked to the zodiac sign of Pisces.<\/p>\n<p><span style=\"font-weight: 400;\">AMAZE jewelry is handmade, so there may be slight differences between pieces of the same type. We also remind you that natural materials are unique, and therefore may not be completely similar to each other.<\/span><\/p>","protected":false},"excerpt":{"rendered":"<p>Brincos de pedra Abalone com base de brinco em metal dourado. Esta pedra est\u00e1 fortemente ligada ao mar e \u00e0 energia das \u00e1guas, simbolizando tranquilidade e renova\u00e7\u00e3o, intui\u00e7\u00e3o e prote\u00e7\u00e3o emocional. Ajuda a equilibrar as emo\u00e7\u00f5es, fortalecer a comunica\u00e7\u00e3o e atrair serenidade. Ligada principalmente ao signo de Peixes. A bijuteria AMAZE \u00e9 feita \u00e0 m\u00e3o, logo poder\u00e1 ter diferen\u00e7as m\u00ednimas entre as pe\u00e7as do mesmo tipo. Recordamos ainda que os materiais naturais s\u00e3o \u00fanicos, e por isso podem n\u00e3o se assemelhar totalmente entre si.<\/p>","protected":false},"featured_media":37141,"template":"","meta":{"_monsterinsights_skip_tracking":false,"_monsterinsights_sitenote_active":false,"_monsterinsights_sitenote_note":"","_monsterinsights_sitenote_category":0},"product_brand":[],"product_cat":[185,189],"product_tag":[351,333,226],"woo-feed-brand":[],"class_list":{"0":"post-37078","1":"product","2":"type-product","3":"status-publish","4":"has-post-thumbnail","6":"product_cat-bijuteria","7":"product_cat-brincos","8":"product_tag-abalone","9":"product_tag-brincos","10":"product_tag-handmade","13":"first","14":"instock","15":"taxable","16":"shipping-taxable","17":"purchasable","18":"product-type-simple"},"aioseo_notices":[],"_links":{"self":[{"href":"https:\/\/amazeazores.com\/en\/wp-json\/wp\/v2\/product\/37078","targetHints":{"allow":["GET"]}}],"collection":[{"href":"https:\/\/amazeazores.com\/en\/wp-json\/wp\/v2\/product"}],"about":[{"href":"https:\/\/amazeazores.com\/en\/wp-json\/wp\/v2\/types\/product"}],"version-history":[{"count":1,"href":"https:\/\/amazeazores.com\/en\/wp-json\/wp\/v2\/product\/37078\/revisions"}],"predecessor-version":[{"id":38135,"href":"https:\/\/amazeazores.com\/en\/wp-json\/wp\/v2\/product\/37078\/revisions\/38135"}],"wp:featuredmedia":[{"embeddable":true,"href":"https:\/\/amazeazores.com\/en\/wp-json\/wp\/v2\/media\/37141"}],"wp:attachment":[{"href":"https:\/\/amazeazores.com\/en\/wp-json\/wp\/v2\/media?parent=37078"}],"wp:term":[{"taxonomy":"product_brand","embeddable":true,"href":"https:\/\/amazeazores.com\/en\/wp-json\/wp\/v2\/product_brand?post=37078"},{"taxonomy":"product_cat","embeddable":true,"href":"https:\/\/amazeazores.com\/en\/wp-json\/wp\/v2\/product_cat?post=37078"},{"taxonomy":"product_tag","embeddable":true,"href":"https:\/\/amazeazores.com\/en\/wp-json\/wp\/v2\/product_tag?post=37078"},{"taxonomy":"woo-feed-brand","embeddable":true,"href":"https:\/\/amazeazores.com\/en\/wp-json\/wp\/v2\/woo-feed-brand?post=37078"}],"curies":[{"name":"wp","href":"https:\/\/api.w.org\/{rel}","templated":true}]}}