{"id":37066,"date":"2025-03-14T14:09:22","date_gmt":"2025-03-14T14:09:22","guid":{"rendered":"https:\/\/amazeazores.com\/?post_type=product&#038;p=37066"},"modified":"2025-04-15T10:32:29","modified_gmt":"2025-04-15T10:32:29","slug":"brincos-de-pedras-de-basalto-e-howlita","status":"publish","type":"product","link":"https:\/\/amazeazores.com\/en\/shop\/brincos-de-pedras-de-basalto-e-howlita\/","title":{"rendered":"Basalt and Howlite Stone Earrings"},"content":{"rendered":"<p>Basalt and white Howlite stone earrings. Metal base.<\/p>\n<p>The <strong>Basalt<\/strong> is a dark volcanic rock, associated with <strong data-start=\"56\" data-end=\"93\">strength, stability and relaxation<\/strong>. Used in therapies, it helps relieve stress and balance energies.<\/p>\n<p>The <strong>Howlite<\/strong> It is a stone associated with calm, patience and self-control. It helps reduce stress, anxiety and insomnia, promoting mental clarity. Mainly linked to the zodiac sign of Gemini, it promotes emotional balance and inner harmony.<\/p>\n<p><span style=\"font-weight: 400;\">AMAZE jewelry is handmade, so there may be slight differences between pieces of the same type. We also remind you that natural materials are unique, and therefore may not be completely similar to each other.<\/span><\/p>","protected":false},"excerpt":{"rendered":"<p>Brincos de pedras de basalto e Howlita branca. Base de metal. O Basalto \u00e9 uma rocha vulc\u00e2nica escura, associada \u00e0 for\u00e7a, estabilidade e relaxamento. Usado em terapias, ajuda a aliviar o stress e equilibrar as energias. A Howlita \u00e9 uma pedra associada \u00e0 calma, paci\u00eancia e autocontrolo. Ajuda a reduzir o stress, a ansiedade e a ins\u00f3nia, promovendo a clareza mental. Ligada principalmente ao signo de G\u00e9meos, favorece o equil\u00edbrio emocional e a harmonia interior. A bijuteria AMAZE \u00e9 feita \u00e0 m\u00e3o, logo poder\u00e1 ter diferen\u00e7as m\u00ednimas entre as pe\u00e7as do mesmo tipo. Recordamos ainda que os materiais naturais s\u00e3o \u00fanicos, e por isso podem n\u00e3o se assemelhar totalmente entre si.<\/p>","protected":false},"featured_media":37068,"template":"","meta":{"_monsterinsights_skip_tracking":false,"_monsterinsights_sitenote_active":false,"_monsterinsights_sitenote_note":"","_monsterinsights_sitenote_category":0},"product_brand":[],"product_cat":[185,189],"product_tag":[334,333,226,338],"woo-feed-brand":[],"class_list":{"0":"post-37066","1":"product","2":"type-product","3":"status-publish","4":"has-post-thumbnail","6":"product_cat-bijuteria","7":"product_cat-brincos","8":"product_tag-basalto","9":"product_tag-brincos","10":"product_tag-handmade","11":"product_tag-howlita","14":"first","15":"instock","16":"taxable","17":"shipping-taxable","18":"purchasable","19":"product-type-simple"},"aioseo_notices":[],"_links":{"self":[{"href":"https:\/\/amazeazores.com\/en\/wp-json\/wp\/v2\/product\/37066","targetHints":{"allow":["GET"]}}],"collection":[{"href":"https:\/\/amazeazores.com\/en\/wp-json\/wp\/v2\/product"}],"about":[{"href":"https:\/\/amazeazores.com\/en\/wp-json\/wp\/v2\/types\/product"}],"version-history":[{"count":0,"href":"https:\/\/amazeazores.com\/en\/wp-json\/wp\/v2\/product\/37066\/revisions"}],"wp:featuredmedia":[{"embeddable":true,"href":"https:\/\/amazeazores.com\/en\/wp-json\/wp\/v2\/media\/37068"}],"wp:attachment":[{"href":"https:\/\/amazeazores.com\/en\/wp-json\/wp\/v2\/media?parent=37066"}],"wp:term":[{"taxonomy":"product_brand","embeddable":true,"href":"https:\/\/amazeazores.com\/en\/wp-json\/wp\/v2\/product_brand?post=37066"},{"taxonomy":"product_cat","embeddable":true,"href":"https:\/\/amazeazores.com\/en\/wp-json\/wp\/v2\/product_cat?post=37066"},{"taxonomy":"product_tag","embeddable":true,"href":"https:\/\/amazeazores.com\/en\/wp-json\/wp\/v2\/product_tag?post=37066"},{"taxonomy":"woo-feed-brand","embeddable":true,"href":"https:\/\/amazeazores.com\/en\/wp-json\/wp\/v2\/woo-feed-brand?post=37066"}],"curies":[{"name":"wp","href":"https:\/\/api.w.org\/{rel}","templated":true}]}}