{"id":36904,"date":"2025-02-14T17:48:14","date_gmt":"2025-02-14T17:48:14","guid":{"rendered":"https:\/\/amazeazores.com\/?post_type=product&#038;p=36904"},"modified":"2025-11-29T01:28:32","modified_gmt":"2025-11-29T01:28:32","slug":"pulseira-de-basalto-e-madreperola","status":"publish","type":"product","link":"https:\/\/amazeazores.com\/en\/shop\/pulseira-de-basalto-e-madreperola\/","title":{"rendered":"Basalt and mother-of-pearl bracelet"},"content":{"rendered":"<p>Basalt and mother-of-pearl stone bracelet (with heart-shaped pendant). With steel wire, gold metal clasp and extendable chain.<\/p>\n<p>The <strong>Basalt<\/strong> is a dark volcanic rock, associated with <strong data-start=\"56\" data-end=\"93\">strength, stability and relaxation<\/strong>. Used in therapies, it helps relieve stress and balance energies.<\/p>\n<p>The <strong data-start=\"2\" data-end=\"17\">mother-of-pearl<\/strong> It is a stone linked to harmony, intuition and protection. Associated with the sea, it brings serenity, emotional balance and attracts good energy. It is mainly related to the zodiac sign of Cancer.<\/p>\n<p>AMAZE jewelry is handmade, so there may be slight differences between pieces of the same type. We also remind you that natural materials are unique, and therefore may not be completely similar to each other.<\/p>","protected":false},"excerpt":{"rendered":"<p>Pulseira de pedras Basalto e madrep\u00e9rola (com pendente em forma de cora\u00e7\u00e3o). Com fio de a\u00e7o, fecho de metal dourado e corrente extens\u00edvel. O Basalto \u00e9 uma rocha vulc\u00e2nica escura, associada \u00e0 for\u00e7a, estabilidade e relaxamento. Usado em terapias, ajuda a aliviar o stress e equilibrar as energias. A madrep\u00e9rola \u00e9 uma pedra ligada \u00e0 harmonia, intui\u00e7\u00e3o e prote\u00e7\u00e3o. Associada ao mar, traz serenidade, equil\u00edbrio emocional e atrai boas energias. Est\u00e1 relacionada principalmente ao signo de Caranguejo. A bijuteria AMAZE \u00e9 feita \u00e0 m\u00e3o, logo poder\u00e1 ter diferen\u00e7as m\u00ednimas entre as pe\u00e7as do mesmo tipo. Recordamos ainda que os materiais naturais s\u00e3o \u00fanicos, e por isso podem n\u00e3o se assemelhar totalmente entre si.<\/p>","protected":false},"featured_media":37861,"template":"","meta":{"_monsterinsights_skip_tracking":false,"_monsterinsights_sitenote_active":false,"_monsterinsights_sitenote_note":"","_monsterinsights_sitenote_category":0},"product_brand":[],"product_cat":[185,191],"product_tag":[334,390,226,356,358,378],"woo-feed-brand":[],"class_list":{"0":"post-36904","1":"product","2":"type-product","3":"status-publish","4":"has-post-thumbnail","6":"product_cat-bijuteria","7":"product_cat-pulseiras","8":"product_tag-basalto","9":"product_tag-coracao","10":"product_tag-handmade","11":"product_tag-madreperola","12":"product_tag-pendente","13":"product_tag-pulseira","16":"first","17":"instock","18":"taxable","19":"shipping-taxable","20":"purchasable","21":"product-type-simple"},"aioseo_notices":[],"_links":{"self":[{"href":"https:\/\/amazeazores.com\/en\/wp-json\/wp\/v2\/product\/36904","targetHints":{"allow":["GET"]}}],"collection":[{"href":"https:\/\/amazeazores.com\/en\/wp-json\/wp\/v2\/product"}],"about":[{"href":"https:\/\/amazeazores.com\/en\/wp-json\/wp\/v2\/types\/product"}],"version-history":[{"count":1,"href":"https:\/\/amazeazores.com\/en\/wp-json\/wp\/v2\/product\/36904\/revisions"}],"predecessor-version":[{"id":38140,"href":"https:\/\/amazeazores.com\/en\/wp-json\/wp\/v2\/product\/36904\/revisions\/38140"}],"wp:featuredmedia":[{"embeddable":true,"href":"https:\/\/amazeazores.com\/en\/wp-json\/wp\/v2\/media\/37861"}],"wp:attachment":[{"href":"https:\/\/amazeazores.com\/en\/wp-json\/wp\/v2\/media?parent=36904"}],"wp:term":[{"taxonomy":"product_brand","embeddable":true,"href":"https:\/\/amazeazores.com\/en\/wp-json\/wp\/v2\/product_brand?post=36904"},{"taxonomy":"product_cat","embeddable":true,"href":"https:\/\/amazeazores.com\/en\/wp-json\/wp\/v2\/product_cat?post=36904"},{"taxonomy":"product_tag","embeddable":true,"href":"https:\/\/amazeazores.com\/en\/wp-json\/wp\/v2\/product_tag?post=36904"},{"taxonomy":"woo-feed-brand","embeddable":true,"href":"https:\/\/amazeazores.com\/en\/wp-json\/wp\/v2\/woo-feed-brand?post=36904"}],"curies":[{"name":"wp","href":"https:\/\/api.w.org\/{rel}","templated":true}]}}