{"id":36749,"date":"2025-01-16T11:58:14","date_gmt":"2025-01-16T11:58:14","guid":{"rendered":"https:\/\/amazeazores.com\/?post_type=product&#038;p=36749"},"modified":"2025-04-28T14:53:07","modified_gmt":"2025-04-28T14:53:07","slug":"brincos-com-madreperola-pedra-de-basalto-e-do-sol","status":"publish","type":"product","link":"https:\/\/amazeazores.com\/en\/shop\/brincos-com-madreperola-pedra-de-basalto-e-do-sol\/","title":{"rendered":"Earrings with mother-of-pearl, basalt and sun stone"},"content":{"rendered":"<p>Pendulum type earrings, with mother-of-pearl, basalt stone and sunstone.<\/p>\n<p>Gold metal earring base.<\/p>\n<p>The <strong>Basalt<\/strong> is a dark volcanic rock, associated with <strong data-start=\"56\" data-end=\"93\">strength, stability and relaxation<\/strong>. Used in therapies, it helps relieve stress and balance energies.<\/p>\n<article class=\"text-token-text-primary w-full\" dir=\"auto\" data-testid=\"conversation-turn-26\" data-scroll-anchor=\"false\">\n<div class=\"text-base my-auto mx-auto py-5 [--thread-content-margin:--spacing(4)] @[37rem]:[--thread-content-margin:--spacing(6)] @[70rem]:[--thread-content-margin:--spacing(12)] px-(--thread-content-margin)\">\n<div class=\"[--thread-content-max-width:32rem] @[34rem]:[--thread-content-max-width:40rem] @[64rem]:[--thread-content-max-width:48rem] mx-auto flex max-w-(--thread-content-max-width) flex-1 text-base gap-4 md:gap-5 lg:gap-6 group\/turn-messages focus-visible:outline-hidden\" tabindex=\"-1\">\n<div class=\"group\/conversation-turn relative flex w-full min-w-0 flex-col agent-turn\">\n<div class=\"relative flex-col gap-1 md:gap-3\">\n<div class=\"flex max-w-full flex-col grow\">\n<div class=\"min-h-8 text-message relative flex w-full flex-col items-end gap-2 text-start break-words whitespace-normal [.text-message+&amp;]:mt-5\" dir=\"auto\" data-message-author-role=\"assistant\" data-message-id=\"b08f1081-3ba9-4442-bee9-0faf09df14dc\" data-message-model-slug=\"gpt-4o\">\n<div class=\"flex w-full flex-col gap-1 empty:hidden first:pt-[3px]\">\n<div class=\"markdown prose dark:prose-invert w-full break-words light\">\n<p class=\"\" data-start=\"0\" data-end=\"245\">The <strong data-start=\"2\" data-end=\"17\">mother-of-pearl<\/strong> It is a stone linked to harmony, intuition and protection. Associated with the sea, it brings serenity, emotional balance and attracts good energy. It is mainly related to the zodiac sign of Cancer.<\/p>\n<\/div>\n<\/div>\n<\/div>\n<\/div>\n<div class=\"flex absolute start-0 end-0 flex justify-start\">The <strong data-start=\"2\" data-end=\"18\">sunstone<\/strong> It is a stone of joy, vitality and positive energy. It stimulates self-confidence, enthusiasm and attracts prosperity. It is mainly associated with the zodiac sign of Leo.<\/div>\n<\/div>\n<\/div>\n<\/div>\n<\/div>\n<\/article>\n<p><span style=\"font-weight: 400;\">AMAZE jewelry is handmade, so there may be slight differences between pieces of the same type. We also remind you that natural materials are unique, and therefore may not be completely similar to each other.<\/span><\/p>","protected":false},"excerpt":{"rendered":"<p>Brincos tipo p\u00eandulo, com madrep\u00e9rola, pedra de basalto e do pedra do sol. Base de brinco de metal dourado. O Basalto \u00e9 uma rocha vulc\u00e2nica escura, associada \u00e0 for\u00e7a, estabilidade e relaxamento. Usado em terapias, ajuda a aliviar o stress e equilibrar as energias. A madrep\u00e9rola \u00e9 uma pedra ligada \u00e0 harmonia, intui\u00e7\u00e3o e prote\u00e7\u00e3o. Associada ao mar, traz serenidade, equil\u00edbrio emocional e atrai boas energias. Est\u00e1 relacionada principalmente ao signo de Caranguejo. A pedra do sol \u00e9 uma pedra de alegria, vitalidade e energia positiva. Estimula a autoconfian\u00e7a, o entusiasmo e atrai prosperidade. Est\u00e1 associada principalmente ao signo de Le\u00e3o. A bijuteria AMAZE \u00e9 feita \u00e0 m\u00e3o, logo poder\u00e1 ter diferen\u00e7as m\u00ednimas entre as pe\u00e7as do mesmo tipo. Recordamos ainda que os materiais naturais s\u00e3o \u00fanicos, e por isso podem n\u00e3o se assemelhar totalmente entre si.<\/p>","protected":false},"featured_media":36751,"template":"","meta":{"_monsterinsights_skip_tracking":false,"_monsterinsights_sitenote_active":false,"_monsterinsights_sitenote_note":"","_monsterinsights_sitenote_category":0},"product_brand":[],"product_cat":[185,189],"product_tag":[334,333,356,367],"woo-feed-brand":[],"class_list":{"0":"post-36749","1":"product","2":"type-product","3":"status-publish","4":"has-post-thumbnail","6":"product_cat-bijuteria","7":"product_cat-brincos","8":"product_tag-basalto","9":"product_tag-brincos","10":"product_tag-madreperola","11":"product_tag-pedra-do-sol","14":"first","15":"instock","16":"taxable","17":"shipping-taxable","18":"purchasable","19":"product-type-simple"},"aioseo_notices":[],"_links":{"self":[{"href":"https:\/\/amazeazores.com\/en\/wp-json\/wp\/v2\/product\/36749","targetHints":{"allow":["GET"]}}],"collection":[{"href":"https:\/\/amazeazores.com\/en\/wp-json\/wp\/v2\/product"}],"about":[{"href":"https:\/\/amazeazores.com\/en\/wp-json\/wp\/v2\/types\/product"}],"version-history":[{"count":0,"href":"https:\/\/amazeazores.com\/en\/wp-json\/wp\/v2\/product\/36749\/revisions"}],"wp:featuredmedia":[{"embeddable":true,"href":"https:\/\/amazeazores.com\/en\/wp-json\/wp\/v2\/media\/36751"}],"wp:attachment":[{"href":"https:\/\/amazeazores.com\/en\/wp-json\/wp\/v2\/media?parent=36749"}],"wp:term":[{"taxonomy":"product_brand","embeddable":true,"href":"https:\/\/amazeazores.com\/en\/wp-json\/wp\/v2\/product_brand?post=36749"},{"taxonomy":"product_cat","embeddable":true,"href":"https:\/\/amazeazores.com\/en\/wp-json\/wp\/v2\/product_cat?post=36749"},{"taxonomy":"product_tag","embeddable":true,"href":"https:\/\/amazeazores.com\/en\/wp-json\/wp\/v2\/product_tag?post=36749"},{"taxonomy":"woo-feed-brand","embeddable":true,"href":"https:\/\/amazeazores.com\/en\/wp-json\/wp\/v2\/woo-feed-brand?post=36749"}],"curies":[{"name":"wp","href":"https:\/\/api.w.org\/{rel}","templated":true}]}}