{"id":36563,"date":"2024-10-17T15:56:03","date_gmt":"2024-10-17T15:56:03","guid":{"rendered":"https:\/\/amazeazores.com\/?post_type=product&#038;p=36563"},"modified":"2025-04-17T13:57:05","modified_gmt":"2025-04-17T13:57:05","slug":"pulseira-de-basalto-e-agata-india","status":"publish","type":"product","link":"https:\/\/amazeazores.com\/en\/shop\/pulseira-de-basalto-e-agata-india\/","title":{"rendered":"Basalt and Indian Agate Bracelet"},"content":{"rendered":"<p>Bracelet made of Basalt and Indian Agate stones, with stretch cord.<\/p>\n<p>The <strong>Basalt<\/strong> is a dark volcanic rock, associated with <strong data-start=\"56\" data-end=\"93\">strength, stability and relaxation<\/strong>. Used in therapies, it helps relieve stress and balance energies.<\/p>\n<p>The <strong>Indian Agate<\/strong> It is a stone associated with stability, protection and inner growth. It helps to balance emotions, increase confidence and promote connection with nature. It is mainly associated with the zodiac sign of Virgo.<\/p>\n<p><span style=\"font-weight: 400;\">AMAZE jewelry is handmade, so there may be slight differences between pieces of the same type. We also remind you that natural materials are unique, and therefore may not be completely similar to each other.<\/span><\/p>","protected":false},"excerpt":{"rendered":"<p>Pulseira de pedras Basalto e \u00c1gata \u00cdndia, com fio de el\u00e1stico. O Basalto \u00e9 uma rocha vulc\u00e2nica escura, associada \u00e0 for\u00e7a, estabilidade e relaxamento. Usado em terapias, ajuda a aliviar o stress e equilibrar as energias. A \u00c1gata \u00cdndia \u00e9 uma pedra ligada \u00e0 estabilidade, prote\u00e7\u00e3o e crescimento interior. Ajuda a equilibrar as emo\u00e7\u00f5es, aumentar a confian\u00e7a e promover a liga\u00e7\u00e3o com a natureza. Est\u00e1 associada principalmente ao signo de Virgem. A bijuteria AMAZE \u00e9 feita \u00e0 m\u00e3o, logo poder\u00e1 ter diferen\u00e7as m\u00ednimas entre as pe\u00e7as do mesmo tipo. Recordamos ainda que os materiais naturais s\u00e3o \u00fanicos, e por isso podem n\u00e3o se assemelhar totalmente entre si.<\/p>","protected":false},"featured_media":37803,"template":"","meta":{"_monsterinsights_skip_tracking":false,"_monsterinsights_sitenote_active":false,"_monsterinsights_sitenote_note":"","_monsterinsights_sitenote_category":0},"product_brand":[],"product_cat":[185,191],"product_tag":[382,334,226,378],"woo-feed-brand":[],"class_list":{"0":"post-36563","1":"product","2":"type-product","3":"status-publish","4":"has-post-thumbnail","6":"product_cat-bijuteria","7":"product_cat-pulseiras","8":"product_tag-agata-india","9":"product_tag-basalto","10":"product_tag-handmade","11":"product_tag-pulseira","14":"first","15":"instock","16":"taxable","17":"shipping-taxable","18":"purchasable","19":"product-type-simple"},"aioseo_notices":[],"_links":{"self":[{"href":"https:\/\/amazeazores.com\/en\/wp-json\/wp\/v2\/product\/36563","targetHints":{"allow":["GET"]}}],"collection":[{"href":"https:\/\/amazeazores.com\/en\/wp-json\/wp\/v2\/product"}],"about":[{"href":"https:\/\/amazeazores.com\/en\/wp-json\/wp\/v2\/types\/product"}],"version-history":[{"count":0,"href":"https:\/\/amazeazores.com\/en\/wp-json\/wp\/v2\/product\/36563\/revisions"}],"wp:featuredmedia":[{"embeddable":true,"href":"https:\/\/amazeazores.com\/en\/wp-json\/wp\/v2\/media\/37803"}],"wp:attachment":[{"href":"https:\/\/amazeazores.com\/en\/wp-json\/wp\/v2\/media?parent=36563"}],"wp:term":[{"taxonomy":"product_brand","embeddable":true,"href":"https:\/\/amazeazores.com\/en\/wp-json\/wp\/v2\/product_brand?post=36563"},{"taxonomy":"product_cat","embeddable":true,"href":"https:\/\/amazeazores.com\/en\/wp-json\/wp\/v2\/product_cat?post=36563"},{"taxonomy":"product_tag","embeddable":true,"href":"https:\/\/amazeazores.com\/en\/wp-json\/wp\/v2\/product_tag?post=36563"},{"taxonomy":"woo-feed-brand","embeddable":true,"href":"https:\/\/amazeazores.com\/en\/wp-json\/wp\/v2\/woo-feed-brand?post=36563"}],"curies":[{"name":"wp","href":"https:\/\/api.w.org\/{rel}","templated":true}]}}