{"id":36530,"date":"2024-08-26T23:28:08","date_gmt":"2024-08-26T23:28:08","guid":{"rendered":"https:\/\/amazeazores.com\/?post_type=product&#038;p=36530"},"modified":"2025-04-16T15:08:21","modified_gmt":"2025-04-16T15:08:21","slug":"peluche-cachalote-emma-pequena","status":"publish","type":"product","link":"https:\/\/amazeazores.com\/en\/shop\/peluche-cachalote-emma-pequena\/","title":{"rendered":"Small EMMA sperm whale"},"content":{"rendered":"<p>Small blue EMMA sperm whale. Handmade soft toy produced in Portugal, and eco-friendly.<\/p>\n<p>Technical specifications: dyed with non-toxic dyes, handmade and handprinted, composed of linen, wool and burel.<\/p>","protected":false},"excerpt":{"rendered":"<p>Cachalote EMMA azul pequena. Peluche artesanal produzido em Portugal, eco-friendly. Especifica\u00e7\u00f5es t\u00e9cnicas: tingido com tintas n\u00e3o t\u00f3xicas, handmade e handprinted, composto por linho, l\u00e3 e burel.<\/p>","protected":false},"featured_media":37751,"template":"","meta":{"_monsterinsights_skip_tracking":false,"_monsterinsights_sitenote_active":false,"_monsterinsights_sitenote_note":"","_monsterinsights_sitenote_category":0},"product_brand":[],"product_cat":[197,206],"product_tag":[375,226,376],"woo-feed-brand":[],"class_list":{"0":"post-36530","1":"product","2":"type-product","3":"status-publish","4":"has-post-thumbnail","6":"product_cat-casa-decor","7":"product_cat-decoracao","8":"product_tag-decoracao","9":"product_tag-handmade","10":"product_tag-peluche","13":"first","14":"instock","15":"taxable","16":"shipping-taxable","17":"purchasable","18":"product-type-simple"},"aioseo_notices":[],"_links":{"self":[{"href":"https:\/\/amazeazores.com\/en\/wp-json\/wp\/v2\/product\/36530","targetHints":{"allow":["GET"]}}],"collection":[{"href":"https:\/\/amazeazores.com\/en\/wp-json\/wp\/v2\/product"}],"about":[{"href":"https:\/\/amazeazores.com\/en\/wp-json\/wp\/v2\/types\/product"}],"version-history":[{"count":0,"href":"https:\/\/amazeazores.com\/en\/wp-json\/wp\/v2\/product\/36530\/revisions"}],"wp:featuredmedia":[{"embeddable":true,"href":"https:\/\/amazeazores.com\/en\/wp-json\/wp\/v2\/media\/37751"}],"wp:attachment":[{"href":"https:\/\/amazeazores.com\/en\/wp-json\/wp\/v2\/media?parent=36530"}],"wp:term":[{"taxonomy":"product_brand","embeddable":true,"href":"https:\/\/amazeazores.com\/en\/wp-json\/wp\/v2\/product_brand?post=36530"},{"taxonomy":"product_cat","embeddable":true,"href":"https:\/\/amazeazores.com\/en\/wp-json\/wp\/v2\/product_cat?post=36530"},{"taxonomy":"product_tag","embeddable":true,"href":"https:\/\/amazeazores.com\/en\/wp-json\/wp\/v2\/product_tag?post=36530"},{"taxonomy":"woo-feed-brand","embeddable":true,"href":"https:\/\/amazeazores.com\/en\/wp-json\/wp\/v2\/woo-feed-brand?post=36530"}],"curies":[{"name":"wp","href":"https:\/\/api.w.org\/{rel}","templated":true}]}}