{"id":36508,"date":"2024-08-21T14:58:36","date_gmt":"2024-08-21T14:58:36","guid":{"rendered":"https:\/\/amazeazores.com\/?post_type=product&#038;p=36508"},"modified":"2025-04-24T15:00:56","modified_gmt":"2025-04-24T15:00:56","slug":"t-shirt-ananas-dos-acores","status":"publish","type":"product","link":"https:\/\/amazeazores.com\/en\/shop\/t-shirt-ananas-dos-acores\/","title":{"rendered":"T-shirt \"Azores Pineapple\""},"content":{"rendered":"<p>T-shirt <strong>unisex, <\/strong>blue color. 100% cotton.<\/p>\n<p><span style=\"font-weight: 400;\">The designs\/illustrations by AMAZE &amp; PO\u00c7A DA DONA BEIJA are created by us and sold exclusively in our stores.<\/span><\/p>","protected":false},"excerpt":{"rendered":"<p>T-shirt unisexo, cor azul\u00e3o. 100% algod\u00e3o. Os designs \/ ilustra\u00e7\u00f5es da AMAZE &amp; PO\u00c7A DA DONA BEIJA s\u00e3o de cria\u00e7\u00e3o e comercializa\u00e7\u00e3o exclusiva.<\/p>","protected":false},"featured_media":37285,"template":"","meta":{"_monsterinsights_skip_tracking":false,"_monsterinsights_sitenote_active":false,"_monsterinsights_sitenote_note":"","_monsterinsights_sitenote_category":0},"product_brand":[],"product_cat":[193],"product_tag":[],"woo-feed-brand":[],"class_list":{"0":"post-36508","1":"product","2":"type-product","3":"status-publish","4":"has-post-thumbnail","6":"product_cat-vestuario","7":"pa_color-azulao","10":"first","11":"instock","12":"taxable","13":"shipping-taxable","14":"purchasable","15":"product-type-variable","16":"has-default-attributes"},"aioseo_notices":[],"_links":{"self":[{"href":"https:\/\/amazeazores.com\/en\/wp-json\/wp\/v2\/product\/36508","targetHints":{"allow":["GET"]}}],"collection":[{"href":"https:\/\/amazeazores.com\/en\/wp-json\/wp\/v2\/product"}],"about":[{"href":"https:\/\/amazeazores.com\/en\/wp-json\/wp\/v2\/types\/product"}],"version-history":[{"count":0,"href":"https:\/\/amazeazores.com\/en\/wp-json\/wp\/v2\/product\/36508\/revisions"}],"wp:featuredmedia":[{"embeddable":true,"href":"https:\/\/amazeazores.com\/en\/wp-json\/wp\/v2\/media\/37285"}],"wp:attachment":[{"href":"https:\/\/amazeazores.com\/en\/wp-json\/wp\/v2\/media?parent=36508"}],"wp:term":[{"taxonomy":"product_brand","embeddable":true,"href":"https:\/\/amazeazores.com\/en\/wp-json\/wp\/v2\/product_brand?post=36508"},{"taxonomy":"product_cat","embeddable":true,"href":"https:\/\/amazeazores.com\/en\/wp-json\/wp\/v2\/product_cat?post=36508"},{"taxonomy":"product_tag","embeddable":true,"href":"https:\/\/amazeazores.com\/en\/wp-json\/wp\/v2\/product_tag?post=36508"},{"taxonomy":"woo-feed-brand","embeddable":true,"href":"https:\/\/amazeazores.com\/en\/wp-json\/wp\/v2\/woo-feed-brand?post=36508"}],"curies":[{"name":"wp","href":"https:\/\/api.w.org\/{rel}","templated":true}]}}