{"id":36447,"date":"2024-08-02T14:20:21","date_gmt":"2024-08-02T14:20:21","guid":{"rendered":"https:\/\/amazeazores.com\/?post_type=product&#038;p=36447"},"modified":"2025-06-17T15:03:39","modified_gmt":"2025-06-17T15:03:39","slug":"peluche-tubarao-azul","status":"publish","type":"product","link":"https:\/\/amazeazores.com\/en\/shop\/peluche-tubarao-azul\/","title":{"rendered":"Blue shark soft toy"},"content":{"rendered":"<p>Blue shark shaped soft toy.<\/p>\n<p>Made from 100% recycled ocean plastic.<\/p>\n<p>Ao adquirir este produto est\u00e1 a contribuir\u00a0 com um pequeno donativo para a organiza\u00e7\u00e3o <strong>Waste Free Oceans.<\/strong><\/p>\n<p><strong><img decoding=\"async\" class=\"alignnone wp-image-38051\" src=\"https:\/\/amazeazores.com\/wp-content\/uploads\/2025\/06\/03252b_b84e1e718fe549cf92c7ccff8d9ac2e4mv2-500x354.png\" alt=\"\" width=\"150\" height=\"106\" \/><\/strong><\/p>","protected":false},"excerpt":{"rendered":"<p>Peluche em formato de tubar\u00e3o de cor azul. Feito de 100% de pl\u00e1stico reciclado retirado dos oceanos. Ao adquirir este produto est\u00e1 a contribuir\u00a0 com um pequeno donativo para a organiza\u00e7\u00e3o Waste Free Oceans.<\/p>","protected":false},"featured_media":36449,"template":"","meta":{"_monsterinsights_skip_tracking":false,"_monsterinsights_sitenote_active":false,"_monsterinsights_sitenote_note":"","_monsterinsights_sitenote_category":0},"product_brand":[],"product_cat":[199],"product_tag":[376,393],"woo-feed-brand":[],"class_list":{"0":"post-36447","1":"product","2":"type-product","3":"status-publish","4":"has-post-thumbnail","6":"product_cat-brinquedos","7":"product_tag-peluche","8":"product_tag-tubarao","11":"first","12":"instock","13":"taxable","14":"shipping-taxable","15":"purchasable","16":"product-type-simple"},"aioseo_notices":[],"_links":{"self":[{"href":"https:\/\/amazeazores.com\/en\/wp-json\/wp\/v2\/product\/36447","targetHints":{"allow":["GET"]}}],"collection":[{"href":"https:\/\/amazeazores.com\/en\/wp-json\/wp\/v2\/product"}],"about":[{"href":"https:\/\/amazeazores.com\/en\/wp-json\/wp\/v2\/types\/product"}],"version-history":[{"count":0,"href":"https:\/\/amazeazores.com\/en\/wp-json\/wp\/v2\/product\/36447\/revisions"}],"wp:featuredmedia":[{"embeddable":true,"href":"https:\/\/amazeazores.com\/en\/wp-json\/wp\/v2\/media\/36449"}],"wp:attachment":[{"href":"https:\/\/amazeazores.com\/en\/wp-json\/wp\/v2\/media?parent=36447"}],"wp:term":[{"taxonomy":"product_brand","embeddable":true,"href":"https:\/\/amazeazores.com\/en\/wp-json\/wp\/v2\/product_brand?post=36447"},{"taxonomy":"product_cat","embeddable":true,"href":"https:\/\/amazeazores.com\/en\/wp-json\/wp\/v2\/product_cat?post=36447"},{"taxonomy":"product_tag","embeddable":true,"href":"https:\/\/amazeazores.com\/en\/wp-json\/wp\/v2\/product_tag?post=36447"},{"taxonomy":"woo-feed-brand","embeddable":true,"href":"https:\/\/amazeazores.com\/en\/wp-json\/wp\/v2\/woo-feed-brand?post=36447"}],"curies":[{"name":"wp","href":"https:\/\/api.w.org\/{rel}","templated":true}]}}