{"id":36111,"date":"2024-05-10T16:21:57","date_gmt":"2024-05-10T16:21:57","guid":{"rendered":"https:\/\/amazeazores.com\/?post_type=product&#038;p=36111"},"modified":"2025-04-09T12:07:33","modified_gmt":"2025-04-09T12:07:33","slug":"necessaire","status":"publish","type":"product","link":"https:\/\/amazeazores.com\/en\/shop\/necessaire\/","title":{"rendered":"Green n\u00e9cessaire"},"content":{"rendered":"<p>Green n\u00e9cessaire, with gold metallic clasp.<\/p>\n<p>Material: made of 100% cotton with pineapple design.<\/p>","protected":false},"excerpt":{"rendered":"<p>Bolsa n\u00e9cessaire de cor verde, com fecho met\u00e1lico dourado. Material: feito de 100% algod\u00e3o com desenho de anan\u00e1s.<\/p>","protected":false},"featured_media":36980,"template":"","meta":{"_monsterinsights_skip_tracking":false,"_monsterinsights_sitenote_active":false,"_monsterinsights_sitenote_note":"","_monsterinsights_sitenote_category":0},"product_brand":[],"product_cat":[150],"product_tag":[],"woo-feed-brand":[],"class_list":{"0":"post-36111","1":"product","2":"type-product","3":"status-publish","4":"has-post-thumbnail","6":"product_cat-acessorios","7":"pa_color-verde","10":"first","11":"instock","12":"taxable","13":"shipping-taxable","14":"purchasable","15":"product-type-simple"},"aioseo_notices":[],"_links":{"self":[{"href":"https:\/\/amazeazores.com\/en\/wp-json\/wp\/v2\/product\/36111","targetHints":{"allow":["GET"]}}],"collection":[{"href":"https:\/\/amazeazores.com\/en\/wp-json\/wp\/v2\/product"}],"about":[{"href":"https:\/\/amazeazores.com\/en\/wp-json\/wp\/v2\/types\/product"}],"version-history":[{"count":0,"href":"https:\/\/amazeazores.com\/en\/wp-json\/wp\/v2\/product\/36111\/revisions"}],"wp:featuredmedia":[{"embeddable":true,"href":"https:\/\/amazeazores.com\/en\/wp-json\/wp\/v2\/media\/36980"}],"wp:attachment":[{"href":"https:\/\/amazeazores.com\/en\/wp-json\/wp\/v2\/media?parent=36111"}],"wp:term":[{"taxonomy":"product_brand","embeddable":true,"href":"https:\/\/amazeazores.com\/en\/wp-json\/wp\/v2\/product_brand?post=36111"},{"taxonomy":"product_cat","embeddable":true,"href":"https:\/\/amazeazores.com\/en\/wp-json\/wp\/v2\/product_cat?post=36111"},{"taxonomy":"product_tag","embeddable":true,"href":"https:\/\/amazeazores.com\/en\/wp-json\/wp\/v2\/product_tag?post=36111"},{"taxonomy":"woo-feed-brand","embeddable":true,"href":"https:\/\/amazeazores.com\/en\/wp-json\/wp\/v2\/woo-feed-brand?post=36111"}],"curies":[{"name":"wp","href":"https:\/\/api.w.org\/{rel}","templated":true}]}}