{"id":36089,"date":"2024-05-10T14:56:28","date_gmt":"2024-05-10T14:56:28","guid":{"rendered":"https:\/\/amazeazores.com\/?post_type=product&#038;p=36089"},"modified":"2025-04-17T14:02:06","modified_gmt":"2025-04-17T14:02:06","slug":"pulseira-de-pedra-basalto-agata-rosa-e-quartz-rose","status":"publish","type":"product","link":"https:\/\/amazeazores.com\/en\/shop\/pulseira-de-pedra-basalto-agata-rosa-e-quartz-rose\/","title":{"rendered":"Basalt, Pink Agate and Quartz Rose stone bracelet"},"content":{"rendered":"<p>Basalt, pink Agate and Quartz rose bracelet on stretch cord.<\/p>\n<p>The <strong>Basalt<\/strong> is a dark volcanic rock, associated with <strong data-start=\"56\" data-end=\"93\">strength, stability and relaxation<\/strong>. Used in therapies, it helps relieve stress and balance energies.<\/p>\n<p>Stones <strong>Pink agate and quartz<\/strong> are both linked to love, emotional peace and self-esteem. They help to balance emotions, strengthen emotional bonds and promote inner harmony. They are mainly associated with the zodiac sign of Taurus.<\/p>\n<p><span style=\"font-weight: 400;\">AMAZE jewelry is handmade, so there may be slight differences between pieces of the same type. We also remind you that natural materials are unique, and therefore may not be completely similar to each other.<\/span><\/p>","protected":false},"excerpt":{"rendered":"<p>Pulseira de Basalto, \u00c1gata e Quartz rosa, com fio el\u00e1stico. O Basalto \u00e9 uma rocha vulc\u00e2nica escura, associada \u00e0 for\u00e7a, estabilidade e relaxamento. Usado em terapias, ajuda a aliviar o stress e equilibrar as energias. As pedras \u00c1gata e Quartz rosa est\u00e3o ambas ligadas ao amor, \u00e0 paz emocional e \u00e0 autoestima. Ajudam a equilibrar as emo\u00e7\u00f5es, a fortalecer os la\u00e7os afetivos e a promover a harmonia interior. Est\u00e3o associada principalmente ao signo de Touro. A bijuteria AMAZE \u00e9 feita \u00e0 m\u00e3o, logo poder\u00e1 ter diferen\u00e7as m\u00ednimas entre as pe\u00e7as do mesmo tipo. Recordamos ainda que os materiais naturais s\u00e3o \u00fanicos, e por isso podem n\u00e3o se assemelhar totalmente entre si.<\/p>","protected":false},"featured_media":37770,"template":"","meta":{"_monsterinsights_skip_tracking":false,"_monsterinsights_sitenote_active":false,"_monsterinsights_sitenote_note":"","_monsterinsights_sitenote_category":0},"product_brand":[],"product_cat":[185,191],"product_tag":[344,334,378,370],"woo-feed-brand":[],"class_list":{"0":"post-36089","1":"product","2":"type-product","3":"status-publish","4":"has-post-thumbnail","6":"product_cat-bijuteria","7":"product_cat-pulseiras","8":"product_tag-agata-rosa","9":"product_tag-basalto","10":"product_tag-pulseira","11":"product_tag-quartz-rose","14":"first","15":"instock","16":"taxable","17":"shipping-taxable","18":"purchasable","19":"product-type-simple"},"aioseo_notices":[],"_links":{"self":[{"href":"https:\/\/amazeazores.com\/en\/wp-json\/wp\/v2\/product\/36089","targetHints":{"allow":["GET"]}}],"collection":[{"href":"https:\/\/amazeazores.com\/en\/wp-json\/wp\/v2\/product"}],"about":[{"href":"https:\/\/amazeazores.com\/en\/wp-json\/wp\/v2\/types\/product"}],"version-history":[{"count":0,"href":"https:\/\/amazeazores.com\/en\/wp-json\/wp\/v2\/product\/36089\/revisions"}],"wp:featuredmedia":[{"embeddable":true,"href":"https:\/\/amazeazores.com\/en\/wp-json\/wp\/v2\/media\/37770"}],"wp:attachment":[{"href":"https:\/\/amazeazores.com\/en\/wp-json\/wp\/v2\/media?parent=36089"}],"wp:term":[{"taxonomy":"product_brand","embeddable":true,"href":"https:\/\/amazeazores.com\/en\/wp-json\/wp\/v2\/product_brand?post=36089"},{"taxonomy":"product_cat","embeddable":true,"href":"https:\/\/amazeazores.com\/en\/wp-json\/wp\/v2\/product_cat?post=36089"},{"taxonomy":"product_tag","embeddable":true,"href":"https:\/\/amazeazores.com\/en\/wp-json\/wp\/v2\/product_tag?post=36089"},{"taxonomy":"woo-feed-brand","embeddable":true,"href":"https:\/\/amazeazores.com\/en\/wp-json\/wp\/v2\/woo-feed-brand?post=36089"}],"curies":[{"name":"wp","href":"https:\/\/api.w.org\/{rel}","templated":true}]}}