{"id":35944,"date":"2024-03-06T17:58:05","date_gmt":"2024-03-06T17:58:05","guid":{"rendered":"https:\/\/amazeazores.com\/?post_type=product&#038;p=35944"},"modified":"2025-04-22T12:13:57","modified_gmt":"2025-04-22T12:13:57","slug":"pulseira-pedras-de-basalto-e-howlita-branca-e-quartz-rose","status":"publish","type":"product","link":"https:\/\/amazeazores.com\/en\/shop\/pulseira-pedras-de-basalto-e-howlita-branca-e-quartz-rose\/","title":{"rendered":"Basalt, white Howlite and Quartz Rose stone bracelet"},"content":{"rendered":"<p>Basalt, white Howlite and Rose Quartz stones bracelet, with a clover-shaped pendant and stretch cord.<\/p>\n<p>The <strong>Basalt<\/strong> is a dark volcanic rock, associated with <strong data-start=\"56\" data-end=\"93\">strength, stability and relaxation<\/strong>. Used in therapies, it helps relieve stress and balance energies.<\/p>\n<p>The <strong>Howlite<\/strong> It is a stone associated with calm, patience and self-control. It helps reduce stress, anxiety and insomnia, promoting mental clarity. Mainly linked to the zodiac sign of Gemini, it promotes emotional balance and inner harmony.<\/p>\n<p>The <strong>Quartz rose<\/strong> It is linked to love, emotional peace and self-esteem. It helps to balance emotions, strengthen emotional bonds and promote inner harmony. It is mainly associated with the zodiac sign of Taurus.<\/p>\n<p><span style=\"font-weight: 400;\">AMAZE jewelry is handmade, so there may be slight differences between pieces of the same type. We also remind you that natural materials are unique, and therefore may not be completely similar to each other.<\/span><\/p>","protected":false},"excerpt":{"rendered":"<p>Pulseira de pedras de Basalto, Howlita branca e Quartz Rose, com pendente em forma de trevo e fio el\u00e1stico. O Basalto \u00e9 uma rocha vulc\u00e2nica escura, associada \u00e0 for\u00e7a, estabilidade e relaxamento. Usado em terapias, ajuda a aliviar o stress e equilibrar as energias. A Howlita \u00e9 uma pedra associada \u00e0 calma, paci\u00eancia e autocontrolo. Ajuda a reduzir o stress, a ansiedade e a ins\u00f3nia, promovendo a clareza mental. Ligada principalmente ao signo de G\u00e9meos, favorece o equil\u00edbrio emocional e a harmonia interior. A Quartz rosa est\u00e1 ligada ao amor, \u00e0 paz emocional e \u00e0 autoestima. Ajuda a equilibrar as emo\u00e7\u00f5es, a fortalecer os la\u00e7os afetivos e a promover a harmonia interior. Est\u00e1 associada principalmente ao signo de Touro. A bijuteria AMAZE \u00e9 feita \u00e0 m\u00e3o, logo poder\u00e1 ter diferen\u00e7as m\u00ednimas entre as pe\u00e7as do mesmo tipo. Recordamos ainda que os materiais naturais s\u00e3o \u00fanicos, e por isso podem n\u00e3o se assemelhar totalmente entre si.<\/p>","protected":false},"featured_media":37855,"template":"","meta":{"_monsterinsights_skip_tracking":false,"_monsterinsights_sitenote_active":false,"_monsterinsights_sitenote_note":"","_monsterinsights_sitenote_category":0},"product_brand":[],"product_cat":[185,191],"product_tag":[334,226,338,358,378,370,391],"woo-feed-brand":[],"class_list":{"0":"post-35944","1":"product","2":"type-product","3":"status-publish","4":"has-post-thumbnail","6":"product_cat-bijuteria","7":"product_cat-pulseiras","8":"product_tag-basalto","9":"product_tag-handmade","10":"product_tag-howlita","11":"product_tag-pendente","12":"product_tag-pulseira","13":"product_tag-quartz-rose","14":"product_tag-trevo","17":"first","18":"instock","19":"taxable","20":"shipping-taxable","21":"purchasable","22":"product-type-simple"},"aioseo_notices":[],"_links":{"self":[{"href":"https:\/\/amazeazores.com\/en\/wp-json\/wp\/v2\/product\/35944","targetHints":{"allow":["GET"]}}],"collection":[{"href":"https:\/\/amazeazores.com\/en\/wp-json\/wp\/v2\/product"}],"about":[{"href":"https:\/\/amazeazores.com\/en\/wp-json\/wp\/v2\/types\/product"}],"version-history":[{"count":0,"href":"https:\/\/amazeazores.com\/en\/wp-json\/wp\/v2\/product\/35944\/revisions"}],"wp:featuredmedia":[{"embeddable":true,"href":"https:\/\/amazeazores.com\/en\/wp-json\/wp\/v2\/media\/37855"}],"wp:attachment":[{"href":"https:\/\/amazeazores.com\/en\/wp-json\/wp\/v2\/media?parent=35944"}],"wp:term":[{"taxonomy":"product_brand","embeddable":true,"href":"https:\/\/amazeazores.com\/en\/wp-json\/wp\/v2\/product_brand?post=35944"},{"taxonomy":"product_cat","embeddable":true,"href":"https:\/\/amazeazores.com\/en\/wp-json\/wp\/v2\/product_cat?post=35944"},{"taxonomy":"product_tag","embeddable":true,"href":"https:\/\/amazeazores.com\/en\/wp-json\/wp\/v2\/product_tag?post=35944"},{"taxonomy":"woo-feed-brand","embeddable":true,"href":"https:\/\/amazeazores.com\/en\/wp-json\/wp\/v2\/woo-feed-brand?post=35944"}],"curies":[{"name":"wp","href":"https:\/\/api.w.org\/{rel}","templated":true}]}}