{"id":35890,"date":"2024-02-09T18:40:05","date_gmt":"2024-02-09T18:40:05","guid":{"rendered":"https:\/\/amazeazores.com\/?post_type=product&#038;p=35890"},"modified":"2025-04-15T10:34:03","modified_gmt":"2025-04-15T10:34:03","slug":"brincos-pedra-de-basalto-e-perola","status":"publish","type":"product","link":"https:\/\/amazeazores.com\/en\/shop\/brincos-pedra-de-basalto-e-perola\/","title":{"rendered":"Basalt stone and mother of pearl earrings"},"content":{"rendered":"<p>Basalt and mother-of-pearl stone earrings.<\/p>\n<p>The <strong>Basalt<\/strong> is a dark volcanic rock, associated with <strong data-start=\"56\" data-end=\"93\">strength, stability and relaxation<\/strong>. Used in therapies, it helps relieve stress and balance energies.<\/p>\n<p>The <strong>Mother-of-pearl<\/strong> It is a stone linked to harmony, intuition and protection. Associated with the sea, it brings serenity, emotional balance and attracts good energies. It is mainly related to the zodiac sign of Cancer, but also benefits Pisces and Taurus.<\/p>\n<p><span style=\"font-weight: 400;\">AMAZE jewelry is handmade, so there may be slight differences between pieces of the same type. We also remind you that natural materials are unique, and therefore may not be completely similar to each other.<\/span><\/p>","protected":false},"excerpt":{"rendered":"<p>Brincos de pedras de basalto e madrep\u00e9rola. O Basalto \u00e9 uma rocha vulc\u00e2nica escura, associada \u00e0 for\u00e7a, estabilidade e relaxamento. Usado em terapias, ajuda a aliviar o stress e equilibrar as energias. A Madrep\u00e9rola \u00e9 uma pedra ligada \u00e0 harmonia, intui\u00e7\u00e3o e prote\u00e7\u00e3o. Associada ao mar, traz serenidade, equil\u00edbrio emocional e atrai boas energias. Est\u00e1 relacionada principalmente ao signo de Caranguejo, mas tamb\u00e9m beneficia Peixes e Touro. A bijuteria AMAZE \u00e9 feita \u00e0 m\u00e3o, logo poder\u00e1 ter diferen\u00e7as m\u00ednimas entre as pe\u00e7as do mesmo tipo. Recordamos ainda que os materiais naturais s\u00e3o \u00fanicos, e por isso podem n\u00e3o se assemelhar totalmente entre si.<\/p>","protected":false},"featured_media":37168,"template":"","meta":{"_monsterinsights_skip_tracking":false,"_monsterinsights_sitenote_active":false,"_monsterinsights_sitenote_note":"","_monsterinsights_sitenote_category":0},"product_brand":[],"product_cat":[185,189],"product_tag":[334,333,356],"woo-feed-brand":[],"class_list":{"0":"post-35890","1":"product","2":"type-product","3":"status-publish","4":"has-post-thumbnail","6":"product_cat-bijuteria","7":"product_cat-brincos","8":"product_tag-basalto","9":"product_tag-brincos","10":"product_tag-madreperola","13":"first","14":"instock","15":"taxable","16":"shipping-taxable","17":"purchasable","18":"product-type-simple"},"aioseo_notices":[],"_links":{"self":[{"href":"https:\/\/amazeazores.com\/en\/wp-json\/wp\/v2\/product\/35890","targetHints":{"allow":["GET"]}}],"collection":[{"href":"https:\/\/amazeazores.com\/en\/wp-json\/wp\/v2\/product"}],"about":[{"href":"https:\/\/amazeazores.com\/en\/wp-json\/wp\/v2\/types\/product"}],"version-history":[{"count":0,"href":"https:\/\/amazeazores.com\/en\/wp-json\/wp\/v2\/product\/35890\/revisions"}],"wp:featuredmedia":[{"embeddable":true,"href":"https:\/\/amazeazores.com\/en\/wp-json\/wp\/v2\/media\/37168"}],"wp:attachment":[{"href":"https:\/\/amazeazores.com\/en\/wp-json\/wp\/v2\/media?parent=35890"}],"wp:term":[{"taxonomy":"product_brand","embeddable":true,"href":"https:\/\/amazeazores.com\/en\/wp-json\/wp\/v2\/product_brand?post=35890"},{"taxonomy":"product_cat","embeddable":true,"href":"https:\/\/amazeazores.com\/en\/wp-json\/wp\/v2\/product_cat?post=35890"},{"taxonomy":"product_tag","embeddable":true,"href":"https:\/\/amazeazores.com\/en\/wp-json\/wp\/v2\/product_tag?post=35890"},{"taxonomy":"woo-feed-brand","embeddable":true,"href":"https:\/\/amazeazores.com\/en\/wp-json\/wp\/v2\/woo-feed-brand?post=35890"}],"curies":[{"name":"wp","href":"https:\/\/api.w.org\/{rel}","templated":true}]}}