{"id":34829,"date":"2022-09-05T14:37:19","date_gmt":"2022-09-05T14:37:19","guid":{"rendered":"https:\/\/amazeazores.com\/?post_type=product&#038;p=34829"},"modified":"2025-08-04T21:24:04","modified_gmt":"2025-08-04T21:24:04","slug":"t-shirt-something-smells-fishy","status":"publish","type":"product","link":"https:\/\/amazeazores.com\/en\/shop\/t-shirt-something-smells-fishy\/","title":{"rendered":"\u201cSomething smells fishy\u201d t-shirt"},"content":{"rendered":"<p>T-shirt <strong>unisexo<\/strong> &#8220;Something smells fishy&#8221;.<\/p>\n<p>Dark blue color. 100% cotton.<\/p>\n<p><span style=\"font-weight: 400;\">The designs\/illustrations by AMAZE &amp; PO\u00c7A DA DONA BEIJA are created by us and sold exclusively in our stores.<\/span><\/p>","protected":false},"excerpt":{"rendered":"<p>T-shirt unisexo &#8220;Something smells fishy&#8221;. Cor azul escuro. 100% algod\u00e3o. Os designs \/ ilustra\u00e7\u00f5es da AMAZE &amp; PO\u00c7A DA DONA BEIJA s\u00e3o de cria\u00e7\u00e3o e comercializa\u00e7\u00e3o exclusiva.<\/p>","protected":false},"featured_media":37289,"template":"","meta":{"_monsterinsights_skip_tracking":false,"_monsterinsights_sitenote_active":false,"_monsterinsights_sitenote_note":"","_monsterinsights_sitenote_category":0},"product_brand":[],"product_cat":[193],"product_tag":[413],"woo-feed-brand":[],"class_list":{"0":"post-34829","1":"product","2":"type-product","3":"status-publish","4":"has-post-thumbnail","6":"product_cat-vestuario","7":"product_tag-tshirt","8":"pa_color-azul-escuro","11":"first","12":"instock","13":"taxable","14":"shipping-taxable","15":"purchasable","16":"product-type-variable","17":"has-default-attributes"},"aioseo_notices":[],"_links":{"self":[{"href":"https:\/\/amazeazores.com\/en\/wp-json\/wp\/v2\/product\/34829","targetHints":{"allow":["GET"]}}],"collection":[{"href":"https:\/\/amazeazores.com\/en\/wp-json\/wp\/v2\/product"}],"about":[{"href":"https:\/\/amazeazores.com\/en\/wp-json\/wp\/v2\/types\/product"}],"version-history":[{"count":0,"href":"https:\/\/amazeazores.com\/en\/wp-json\/wp\/v2\/product\/34829\/revisions"}],"wp:featuredmedia":[{"embeddable":true,"href":"https:\/\/amazeazores.com\/en\/wp-json\/wp\/v2\/media\/37289"}],"wp:attachment":[{"href":"https:\/\/amazeazores.com\/en\/wp-json\/wp\/v2\/media?parent=34829"}],"wp:term":[{"taxonomy":"product_brand","embeddable":true,"href":"https:\/\/amazeazores.com\/en\/wp-json\/wp\/v2\/product_brand?post=34829"},{"taxonomy":"product_cat","embeddable":true,"href":"https:\/\/amazeazores.com\/en\/wp-json\/wp\/v2\/product_cat?post=34829"},{"taxonomy":"product_tag","embeddable":true,"href":"https:\/\/amazeazores.com\/en\/wp-json\/wp\/v2\/product_tag?post=34829"},{"taxonomy":"woo-feed-brand","embeddable":true,"href":"https:\/\/amazeazores.com\/en\/wp-json\/wp\/v2\/woo-feed-brand?post=34829"}],"curies":[{"name":"wp","href":"https:\/\/api.w.org\/{rel}","templated":true}]}}