{"id":33626,"date":"2022-06-13T09:29:09","date_gmt":"2022-06-13T09:29:09","guid":{"rendered":"https:\/\/amazeazores.com\/?post_type=product&#038;p=33626"},"modified":"2025-11-29T01:24:00","modified_gmt":"2025-11-29T01:24:00","slug":"brincos-pendente-gota-basalto-e-lapis-lazuli","status":"publish","type":"product","link":"https:\/\/amazeazores.com\/en\/shop\/brincos-pendente-gota-basalto-e-lapis-lazuli\/","title":{"rendered":"Basalt and Lapis Lazuli stone earrings"},"content":{"rendered":"<p>Basalt and Lapis Lazuli stone earrings in the shape of a teardrop.<\/p>\n<p>The <strong data-start=\"2\" data-end=\"13\">basalt<\/strong> is a dark volcanic rock, associated with <strong data-start=\"56\" data-end=\"93\">strength, stability and relaxation<\/strong>. Used in therapies, it helps relieve stress and balance energies.<\/p>\n<p>The <strong data-start=\"2\" data-end=\"18\">l\u00e1pis-laz\u00fali<\/strong> is a deep blue stone associated with <strong data-start=\"57\" data-end=\"94\">wisdom, intuition and communication<\/strong>. Stimulates the mind, promotes clarity and strengthens self-expression.<\/p>\n<p>Mainly associated with the zodiac sign of Sagittarius.<\/p>\n<p><span style=\"font-weight: 400;\">AMAZE jewelry is handmade, so there may be slight differences between pieces of the same type. We also remind you that natural materials are unique, and therefore may not be completely similar to each other.<\/span><\/p>","protected":false},"excerpt":{"rendered":"<p>Brincos de pedras Basalto e\u00a0 L\u00e1pis Lazuli em forma de gota. O basalto \u00e9 uma rocha vulc\u00e2nica escura, associada \u00e0 for\u00e7a, estabilidade e relaxamento. Usado em terapias, ajuda a aliviar o stress e equilibrar as energias. O l\u00e1pis-laz\u00fali \u00e9 uma pedra azul profunda associada \u00e0 sabedoria, intui\u00e7\u00e3o e comunica\u00e7\u00e3o. Estimula a mente, promove a clareza e fortalece a autoexpress\u00e3o. Associada principalmente ao signo de Sagit\u00e1rio. A bijuteria AMAZE \u00e9 feita \u00e0 m\u00e3o, logo poder\u00e1 ter diferen\u00e7as m\u00ednimas entre as pe\u00e7as do mesmo tipo. Recordamos ainda que os materiais naturais s\u00e3o \u00fanicos, e por isso podem n\u00e3o se assemelhar totalmente entre si.<\/p>","protected":false},"featured_media":37156,"template":"","meta":{"_monsterinsights_skip_tracking":false,"_monsterinsights_sitenote_active":false,"_monsterinsights_sitenote_note":"","_monsterinsights_sitenote_category":0},"product_brand":[],"product_cat":[185,189],"product_tag":[334,333,226,354],"woo-feed-brand":[],"class_list":{"0":"post-33626","1":"product","2":"type-product","3":"status-publish","4":"has-post-thumbnail","6":"product_cat-bijuteria","7":"product_cat-brincos","8":"product_tag-basalto","9":"product_tag-brincos","10":"product_tag-handmade","11":"product_tag-lapis-lazuli","14":"first","15":"instock","16":"taxable","17":"shipping-taxable","18":"purchasable","19":"product-type-simple"},"aioseo_notices":[],"_links":{"self":[{"href":"https:\/\/amazeazores.com\/en\/wp-json\/wp\/v2\/product\/33626","targetHints":{"allow":["GET"]}}],"collection":[{"href":"https:\/\/amazeazores.com\/en\/wp-json\/wp\/v2\/product"}],"about":[{"href":"https:\/\/amazeazores.com\/en\/wp-json\/wp\/v2\/types\/product"}],"version-history":[{"count":1,"href":"https:\/\/amazeazores.com\/en\/wp-json\/wp\/v2\/product\/33626\/revisions"}],"predecessor-version":[{"id":38134,"href":"https:\/\/amazeazores.com\/en\/wp-json\/wp\/v2\/product\/33626\/revisions\/38134"}],"wp:featuredmedia":[{"embeddable":true,"href":"https:\/\/amazeazores.com\/en\/wp-json\/wp\/v2\/media\/37156"}],"wp:attachment":[{"href":"https:\/\/amazeazores.com\/en\/wp-json\/wp\/v2\/media?parent=33626"}],"wp:term":[{"taxonomy":"product_brand","embeddable":true,"href":"https:\/\/amazeazores.com\/en\/wp-json\/wp\/v2\/product_brand?post=33626"},{"taxonomy":"product_cat","embeddable":true,"href":"https:\/\/amazeazores.com\/en\/wp-json\/wp\/v2\/product_cat?post=33626"},{"taxonomy":"product_tag","embeddable":true,"href":"https:\/\/amazeazores.com\/en\/wp-json\/wp\/v2\/product_tag?post=33626"},{"taxonomy":"woo-feed-brand","embeddable":true,"href":"https:\/\/amazeazores.com\/en\/wp-json\/wp\/v2\/woo-feed-brand?post=33626"}],"curies":[{"name":"wp","href":"https:\/\/api.w.org\/{rel}","templated":true}]}}